{"id":6176,"date":"2025-04-15T09:12:51","date_gmt":"2025-04-15T07:12:51","guid":{"rendered":"https:\/\/www.gruptlpbarcelona.org\/dispositivos\/"},"modified":"2025-10-07T15:29:17","modified_gmt":"2025-10-07T13:29:17","slug":"dispositivos","status":"publish","type":"page","link":"https:\/\/www.gruptlpbarcelona.org\/es\/dispositivos\/","title":{"rendered":"Dispositivos"},"content":{"rendered":"<section class=\"l-section wpb_row height_medium full_height valign_center color_primary with_slider\"><div class=\"l-section-slider\"><div class=\"w-slider style_none fit_cover nav_none count_1\"><div class=\"w-slider-h\" aria-hidden=\"true\"><div class=\"royalSlider\"><div class=\"rsContent\"><a class=\"rsImg\" data-rsw=\"1500\" data-rsh=\"1000\" href=\"https:\/\/www.gruptlpbarcelona.org\/wp-content\/uploads\/2025\/05\/banner-dispositius.jpg\"><span data-alt=\"\"><\/span><\/a><\/div><\/div><img decoding=\"async\" src=\"https:\/\/www.gruptlpbarcelona.org\/wp-content\/uploads\/2025\/05\/banner-dispositius.jpg\" width=\"1500\" height=\"1000\" loading=\"lazy\" alt=\"Grup-TLP Barcelona\" title=\"Grup-TLP Barcelona\"><\/div><div class=\"w-slider-json\" onclick='return {&quot;autoScaleSlider&quot;:true,&quot;addActiveClass&quot;:true,&quot;loop&quot;:true,&quot;fadeInLoadedSlide&quot;:false,&quot;slidesSpacing&quot;:0,&quot;imageScalePadding&quot;:0,&quot;numImagesToPreload&quot;:2,&quot;arrowsNav&quot;:false,&quot;arrowsNavAutoHide&quot;:false,&quot;transitionType&quot;:&quot;move&quot;,&quot;transitionSpeed&quot;:800,&quot;block&quot;:{&quot;moveEffect&quot;:&quot;none&quot;,&quot;speed&quot;:300},&quot;thumbs&quot;:{&quot;fitInViewport&quot;:false,&quot;firstMargin&quot;:false,&quot;spacing&quot;:4},&quot;controlNavigation&quot;:&quot;none&quot;,&quot;autoplay&quot;:{&quot;enabled&quot;:true,&quot;pauseOnHover&quot;:false,&quot;delay&quot;:3000},&quot;autoScaleSliderWidth&quot;:1500,&quot;autoScaleSliderHeight&quot;:1000}'><\/div><\/div><\/div><div class=\"l-section-overlay\" style=\"background:rgba(0,0,0,0.50)\"><\/div><div class=\"l-section-h i-cf\"><div class=\"g-cols vc_row via_grid cols_1-4-1 laptops-cols_inherit tablets-cols_inherit mobiles-cols_1 valign_top type_default stacking_default\"><div class=\"wpb_column vc_column_container\"><div class=\"vc_column-inner\"><\/div><\/div><div class=\"wpb_column vc_column_container\"><div class=\"vc_column-inner\"><h1 class=\"w-text us_custom_a6d98291\"><span class=\"w-text-h\"><span class=\"w-text-value\">Dispositivos del<br \/>\nGrup-TLP Barcelona<\/span><\/span><\/h1><div class=\"wpb_text_column us_custom_56c2b5ec has_text_color\"><div class=\"wpb_wrapper\"><p><span class=\"OYPEnA font-feature-liga-off font-feature-clig-off font-feature-calt-off text-decoration-none text-strikethrough-none\">El Grup-TLP Barcelona se fund\u00f3 hace 15 a\u00f1os con el objetivo de mejorar el conocimiento y el tratamiento del TLP a lo largo de la vida, ofreciendo atenci\u00f3n a diferentes edades y dispositivos, velando por una formaci\u00f3n de calidad y apostando por la investigaci\u00f3n.<\/span><\/p>\n<\/div><\/div><\/div><\/div><div class=\"wpb_column vc_column_container\"><div class=\"vc_column-inner\"><\/div><\/div><\/div><\/div><\/section><section class=\"l-section wpb_row height_medium\"><div class=\"l-section-h i-cf\"><div class=\"g-cols vc_row via_grid cols_1 laptops-cols_inherit tablets-cols_inherit mobiles-cols_1 valign_top type_default stacking_default\"><div class=\"wpb_column vc_column_container\"><div class=\"vc_column-inner\"><div class=\"wpb_text_column\"><div class=\"wpb_wrapper\"><h3>Atenci\u00f3n infantojuvenil<\/h3>\n<\/div><\/div><div class=\"w-separator size_small\"><\/div><div class=\"w-grid us_grid type_grid layout_5308 cols_4 overflow_hidden preload_style_spinner\" id=\"us_grid_1\" style=\"--columns:4;--gap:0.8rem;\" data-filterable=\"true\"><style>@media (max-width:1380px){#us_grid_1{--columns:3!important}}@media (max-width:1024px){#us_grid_1{--columns:2!important}}@media (max-width:600px){#us_grid_1{--columns:1!important}}.layout_5308 .w-grid-item-h{background:var(--color-content-bg);color:var(--color-content-heading);border-radius:0.3rem;box-shadow:0 0.03rem 0.06rem rgba(0,0,0,0.1),0 0.1rem 0.3rem rgba(0,0,0,0.1);transition-duration:0.3s}.no-touch .layout_5308 .w-grid-item-h:hover{box-shadow:0 0.12rem 0.24rem rgba(0,0,0,0.1),0 0.4rem 1.2rem rgba(0,0,0,0.15);z-index:4}.layout_5308 .usg_vwrapper_1{padding:5% 8% 8% 8%!important}.layout_5308 .usg_post_custom_field_1{text-align:left!important;font-weight:600!important}<\/style><div class=\"w-grid-list\">\t<article class=\"w-grid-item size_1x1 post-6312 dispositius_tlp type-dispositius_tlp status-publish format-standard has-post-thumbnail hentry tipus-de-dispositiu-atencio-infantojuvenil-es tipus-de-dispositiu-dispositiu-tlp-es\" data-id=\"6312\">\r\n\t\t<div class=\"w-grid-item-h\">\r\n\t\t\t\t\t\t<div class=\"w-post-elm post_image usg_post_image_1 has_ratio\"><img loading=\"lazy\" decoding=\"async\" width=\"800\" height=\"600\" src=\"https:\/\/www.gruptlpbarcelona.org\/wp-content\/uploads\/2025\/05\/hd-miralta.jpg\" class=\"attachment-large size-large wp-post-image\" alt=\"Grup-TLP Barcelona\" title=\"Grup-TLP Barcelona\"><div style=\"padding-bottom:75%\"><\/div><\/div><div class=\"w-vwrapper usg_vwrapper_1 align_none valign_top\"><div class=\"w-post-elm post_custom_field usg_post_custom_field_1 type_text nom_del_dispositiu color_link_inherit\"><span class=\"w-post-elm-value\">Hospital de Dia Miralta<\/span><\/div><\/div>\t\t<\/div>\r\n\t\t\t<\/article>\r\n\t<article class=\"w-grid-item size_1x1 post-6314 dispositius_tlp type-dispositius_tlp status-publish format-standard has-post-thumbnail hentry tipus-de-dispositiu-atencio-infantojuvenil-es tipus-de-dispositiu-dispositiu-tlp-es\" data-id=\"6314\">\r\n\t\t<div class=\"w-grid-item-h\">\r\n\t\t\t\t\t\t<div class=\"w-post-elm post_image usg_post_image_1 has_ratio\"><img loading=\"lazy\" decoding=\"async\" width=\"800\" height=\"600\" src=\"https:\/\/www.gruptlpbarcelona.org\/wp-content\/uploads\/2025\/05\/hd-gava.jpg\" class=\"attachment-large size-large wp-post-image\" alt=\"Grup-TLP Barcelona\" title=\"Grup-TLP Barcelona\"><div style=\"padding-bottom:75%\"><\/div><\/div><div class=\"w-vwrapper usg_vwrapper_1 align_none valign_top\"><div class=\"w-post-elm post_custom_field usg_post_custom_field_1 type_text nom_del_dispositiu color_link_inherit\"><span class=\"w-post-elm-value\">Hospital de Dia Gav\u00e0<\/span><\/div><\/div>\t\t<\/div>\r\n\t\t\t<\/article>\r\n\t<article class=\"w-grid-item size_1x1 post-6316 dispositius_tlp type-dispositius_tlp status-publish format-standard has-post-thumbnail hentry tipus-de-dispositiu-atencio-infantojuvenil-es tipus-de-dispositiu-dispositiu-tlp-es\" data-id=\"6316\">\r\n\t\t<div class=\"w-grid-item-h\">\r\n\t\t\t\t\t\t<div class=\"w-post-elm post_image usg_post_image_1 has_ratio\"><img loading=\"lazy\" decoding=\"async\" width=\"800\" height=\"600\" src=\"https:\/\/www.gruptlpbarcelona.org\/wp-content\/uploads\/2025\/05\/hd-collblanc.jpg\" class=\"attachment-large size-large wp-post-image\" alt=\"Grup-TLP Barcelona\" title=\"Grup-TLP Barcelona\"><div style=\"padding-bottom:75%\"><\/div><\/div><div class=\"w-vwrapper usg_vwrapper_1 align_none valign_top\"><div class=\"w-post-elm post_custom_field usg_post_custom_field_1 type_text nom_del_dispositiu color_link_inherit\"><span class=\"w-post-elm-value\">Hospital de Dia Collblanc<\/span><\/div><\/div>\t\t<\/div>\r\n\t\t\t<\/article>\r\n\t<article class=\"w-grid-item size_1x1 post-6318 dispositius_tlp type-dispositius_tlp status-publish format-standard has-post-thumbnail hentry tipus-de-dispositiu-atencio-infantojuvenil-es tipus-de-dispositiu-dispositiu-tlp-es\" data-id=\"6318\">\r\n\t\t<div class=\"w-grid-item-h\">\r\n\t\t\t\t\t\t<div class=\"w-post-elm post_image usg_post_image_1 has_ratio\"><img loading=\"lazy\" decoding=\"async\" width=\"800\" height=\"600\" src=\"https:\/\/www.gruptlpbarcelona.org\/wp-content\/uploads\/2025\/05\/csmij-sant-boi.jpg\" class=\"attachment-large size-large wp-post-image\" alt=\"Grup-TLP Barcelona\" title=\"Grup-TLP Barcelona\"><div style=\"padding-bottom:75%\"><\/div><\/div><div class=\"w-vwrapper usg_vwrapper_1 align_none valign_top\"><div class=\"w-post-elm post_custom_field usg_post_custom_field_1 type_text nom_del_dispositiu color_link_inherit\"><span class=\"w-post-elm-value\">CSMIJ Sant Boi<\/span><\/div><\/div>\t\t<\/div>\r\n\t\t\t<\/article>\r\n\t<article class=\"w-grid-item size_1x1 post-6320 dispositius_tlp type-dispositius_tlp status-publish format-standard has-post-thumbnail hentry tipus-de-dispositiu-atencio-infantojuvenil-es tipus-de-dispositiu-dispositiu-tlp-es\" data-id=\"6320\">\r\n\t\t<div class=\"w-grid-item-h\">\r\n\t\t\t\t\t\t<div class=\"w-post-elm post_image usg_post_image_1 has_ratio\"><img loading=\"lazy\" decoding=\"async\" width=\"800\" height=\"600\" src=\"https:\/\/www.gruptlpbarcelona.org\/wp-content\/uploads\/2025\/05\/csmij-el-prat.jpg\" class=\"attachment-large size-large wp-post-image\" alt=\"Grup-TLP Barcelona\" title=\"Grup-TLP Barcelona\"><div style=\"padding-bottom:75%\"><\/div><\/div><div class=\"w-vwrapper usg_vwrapper_1 align_none valign_top\"><div class=\"w-post-elm post_custom_field usg_post_custom_field_1 type_text nom_del_dispositiu color_link_inherit\"><span class=\"w-post-elm-value\">CSMIJ El Prat<\/span><\/div><\/div>\t\t<\/div>\r\n\t\t\t<\/article>\r\n\t<article class=\"w-grid-item size_1x1 post-6322 dispositius_tlp type-dispositius_tlp status-publish format-standard has-post-thumbnail hentry tipus-de-dispositiu-atencio-infantojuvenil-es tipus-de-dispositiu-dispositiu-tlp-es\" data-id=\"6322\">\r\n\t\t<div class=\"w-grid-item-h\">\r\n\t\t\t\t\t\t<div class=\"w-post-elm post_image usg_post_image_1 has_ratio\"><img loading=\"lazy\" decoding=\"async\" width=\"800\" height=\"600\" src=\"https:\/\/www.gruptlpbarcelona.org\/wp-content\/uploads\/2025\/05\/csmij-hospitalet-sud.jpg\" class=\"attachment-large size-large wp-post-image\" alt=\"Grup-TLP Barcelona\" title=\"Grup-TLP Barcelona\"><div style=\"padding-bottom:75%\"><\/div><\/div><div class=\"w-vwrapper usg_vwrapper_1 align_none valign_top\"><div class=\"w-post-elm post_custom_field usg_post_custom_field_1 type_text nom_del_dispositiu color_link_inherit\"><span class=\"w-post-elm-value\">CSMIJ Hospitalet Sud<\/span><\/div><\/div>\t\t<\/div>\r\n\t\t\t<\/article>\r\n\t<article class=\"w-grid-item size_1x1 post-6324 dispositius_tlp type-dispositius_tlp status-publish format-standard has-post-thumbnail hentry tipus-de-dispositiu-atencio-infantojuvenil-es tipus-de-dispositiu-dispositiu-tlp-es\" data-id=\"6324\">\r\n\t\t<div class=\"w-grid-item-h\">\r\n\t\t\t\t\t\t<div class=\"w-post-elm post_image usg_post_image_1 has_ratio\"><img loading=\"lazy\" decoding=\"async\" width=\"800\" height=\"600\" src=\"https:\/\/www.gruptlpbarcelona.org\/wp-content\/uploads\/2025\/05\/csmij-hospitalet-nord.jpg\" class=\"attachment-large size-large wp-post-image\" alt=\"Grup-TLP Barcelona\" title=\"Grup-TLP Barcelona\"><div style=\"padding-bottom:75%\"><\/div><\/div><div class=\"w-vwrapper usg_vwrapper_1 align_none valign_top\"><div class=\"w-post-elm post_custom_field usg_post_custom_field_1 type_text nom_del_dispositiu color_link_inherit\"><span class=\"w-post-elm-value\">CSMIJ Hospitalet Nord<\/span><\/div><\/div>\t\t<\/div>\r\n\t\t\t<\/article>\r\n\t<article class=\"w-grid-item size_1x1 post-6326 dispositius_tlp type-dispositius_tlp status-publish format-standard has-post-thumbnail hentry tipus-de-dispositiu-atencio-infantojuvenil-es tipus-de-dispositiu-dispositiu-tlp-es\" data-id=\"6326\">\r\n\t\t<div class=\"w-grid-item-h\">\r\n\t\t\t\t\t\t<div class=\"w-post-elm post_image usg_post_image_1 has_ratio\"><img loading=\"lazy\" decoding=\"async\" width=\"800\" height=\"600\" src=\"https:\/\/www.gruptlpbarcelona.org\/wp-content\/uploads\/2025\/05\/csmij-gava.jpg\" class=\"attachment-large size-large wp-post-image\" alt=\"Grup-TLP Barcelona\" title=\"Grup-TLP Barcelona\"><div style=\"padding-bottom:75%\"><\/div><\/div><div class=\"w-vwrapper usg_vwrapper_1 align_none valign_top\"><div class=\"w-post-elm post_custom_field usg_post_custom_field_1 type_text nom_del_dispositiu color_link_inherit\"><span class=\"w-post-elm-value\">CSMIJ GAV\u00c0<\/span><\/div><\/div>\t\t<\/div>\r\n\t\t\t<\/article>\r\n\t<article class=\"w-grid-item size_1x1 post-6328 dispositius_tlp type-dispositius_tlp status-publish format-standard has-post-thumbnail hentry tipus-de-dispositiu-atencio-infantojuvenil-es tipus-de-dispositiu-dispositiu-tlp-es\" data-id=\"6328\">\r\n\t\t<div class=\"w-grid-item-h\">\r\n\t\t\t\t\t\t<div class=\"w-post-elm post_image usg_post_image_1 has_ratio\"><img loading=\"lazy\" decoding=\"async\" width=\"800\" height=\"600\" src=\"https:\/\/www.gruptlpbarcelona.org\/wp-content\/uploads\/2025\/05\/csmij-castelldefels.jpg\" class=\"attachment-large size-large wp-post-image\" alt=\"Grup-TLP Barcelona\" title=\"Grup-TLP Barcelona\"><div style=\"padding-bottom:75%\"><\/div><\/div><div class=\"w-vwrapper usg_vwrapper_1 align_none valign_top\"><div class=\"w-post-elm post_custom_field usg_post_custom_field_1 type_text nom_del_dispositiu color_link_inherit\"><span class=\"w-post-elm-value\">CSMIJ CASTELLDEFELS<\/span><\/div><\/div>\t\t<\/div>\r\n\t\t\t<\/article>\r\n<\/div>\t<div class=\"w-grid-preloader\">\r\n\t\t<div class=\"g-preloader type_1\">\r\n\t\t\t<div><\/div>\r\n\t\t<\/div>\r\n\t<\/div>\r\n\t\t<div class=\"w-grid-json hidden\" onclick='return {&quot;action&quot;:&quot;us_ajax_grid&quot;,&quot;infinite_scroll&quot;:0,&quot;max_num_pages&quot;:1,&quot;pagination&quot;:&quot;none&quot;,&quot;template_vars&quot;:{&quot;columns&quot;:&quot;4&quot;,&quot;exclude_items&quot;:&quot;none&quot;,&quot;img_size&quot;:&quot;default&quot;,&quot;ignore_items_size&quot;:0,&quot;items_layout&quot;:&quot;5308&quot;,&quot;items_offset&quot;:&quot;1&quot;,&quot;load_animation&quot;:&quot;none&quot;,&quot;overriding_link&quot;:&quot;%7B%22url%22%3A%22%22%7D&quot;,&quot;post_id&quot;:0,&quot;query_args&quot;:{&quot;post_type&quot;:[&quot;dispositius_tlp&quot;],&quot;tax_query&quot;:[{&quot;taxonomy&quot;:&quot;tipus-de-dispositiu&quot;,&quot;field&quot;:&quot;slug&quot;,&quot;terms&quot;:[&quot;atencio-infantojuvenil&quot;]}],&quot;post_status&quot;:[&quot;publish&quot;,&quot;acf-disabled&quot;],&quot;posts_per_page&quot;:&quot;50&quot;},&quot;orderby_query_args&quot;:{&quot;orderby&quot;:{&quot;date&quot;:&quot;DESC&quot;}},&quot;type&quot;:&quot;grid&quot;,&quot;us_grid_post_type&quot;:&quot;dispositius_tlp&quot;,&quot;us_grid_ajax_index&quot;:1,&quot;us_grid_filter_query_string&quot;:null,&quot;us_grid_index&quot;:1,&quot;page_args&quot;:[],&quot;lang&quot;:&quot;es&quot;}}'><\/div>\r\n\t<\/div><\/div><\/div><\/div><\/div><\/section><section class=\"l-section wpb_row height_medium\"><div class=\"l-section-h i-cf\"><div class=\"g-cols vc_row via_grid cols_1 laptops-cols_inherit tablets-cols_inherit mobiles-cols_1 valign_top type_default stacking_default\"><div class=\"wpb_column vc_column_container\"><div class=\"vc_column-inner\"><div class=\"wpb_text_column\"><div class=\"wpb_wrapper\"><h3>Atenci\u00f3n adultos<\/h3>\n<\/div><\/div><div class=\"w-separator size_small\"><\/div><div class=\"w-grid us_grid type_grid layout_5308 cols_4 overflow_hidden preload_style_spinner\" id=\"us_grid_2\" style=\"--columns:4;--gap:0.8rem;\" data-filterable=\"true\"><style>@media (max-width:1380px){#us_grid_2{--columns:3!important}}@media (max-width:1024px){#us_grid_2{--columns:2!important}}@media (max-width:600px){#us_grid_2{--columns:1!important}}<\/style><div class=\"w-grid-list\">\t<article class=\"w-grid-item size_1x1 post-6276 dispositius_tlp type-dispositius_tlp status-publish format-standard has-post-thumbnail hentry tipus-de-dispositiu-atencio-adults-es tipus-de-dispositiu-dispositiu-tlp-es\" data-id=\"6276\">\r\n\t\t<div class=\"w-grid-item-h\">\r\n\t\t\t\t\t\t<div class=\"w-post-elm post_image usg_post_image_1 has_ratio\"><img loading=\"lazy\" decoding=\"async\" width=\"495\" height=\"400\" src=\"https:\/\/www.gruptlpbarcelona.org\/wp-content\/uploads\/2025\/05\/Clinica-Lluria_4-495x400-1.jpg\" class=\"attachment-large size-large wp-post-image\" alt=\"Grup-TLP Barcelona\" title=\"Grup-TLP Barcelona\"><div style=\"padding-bottom:75%\"><\/div><\/div><div class=\"w-vwrapper usg_vwrapper_1 align_none valign_top\"><div class=\"w-post-elm post_custom_field usg_post_custom_field_1 type_text nom_del_dispositiu color_link_inherit\"><span class=\"w-post-elm-value\">Cl\u00ednica Ll\u00faria Comunitat Terap\u00e8utica<\/span><\/div><\/div>\t\t<\/div>\r\n\t\t\t<\/article>\r\n\t<article class=\"w-grid-item size_1x1 post-6290 dispositius_tlp type-dispositius_tlp status-publish format-standard has-post-thumbnail hentry tipus-de-dispositiu-atencio-adults-es tipus-de-dispositiu-dispositiu-tlp-es\" data-id=\"6290\">\r\n\t\t<div class=\"w-grid-item-h\">\r\n\t\t\t\t\t\t<div class=\"w-post-elm post_image usg_post_image_1 has_ratio\"><img loading=\"lazy\" decoding=\"async\" width=\"450\" height=\"450\" src=\"https:\/\/www.gruptlpbarcelona.org\/wp-content\/uploads\/2025\/05\/PSI.jpg\" class=\"attachment-large size-large wp-post-image\" alt=\"Grup-TLP Barcelona\" title=\"Grup-TLP Barcelona\"><div style=\"padding-bottom:75%\"><\/div><\/div><div class=\"w-vwrapper usg_vwrapper_1 align_none valign_top\"><div class=\"w-post-elm post_custom_field usg_post_custom_field_1 type_text nom_del_dispositiu color_link_inherit\"><span class=\"w-post-elm-value\">Pla Serveis Individualitzats \u2013 PSI Eixample<\/span><\/div><\/div>\t\t<\/div>\r\n\t\t\t<\/article>\r\n\t<article class=\"w-grid-item size_1x1 post-6296 dispositius_tlp type-dispositius_tlp status-publish format-standard has-post-thumbnail hentry tipus-de-dispositiu-atencio-adults-es tipus-de-dispositiu-dispositiu-tlp-es\" data-id=\"6296\">\r\n\t\t<div class=\"w-grid-item-h\">\r\n\t\t\t\t\t\t<div class=\"w-post-elm post_image usg_post_image_1 has_ratio\"><img loading=\"lazy\" decoding=\"async\" width=\"450\" height=\"450\" src=\"https:\/\/www.gruptlpbarcelona.org\/wp-content\/uploads\/2025\/05\/SR-LEsseps-TLP.jpg\" class=\"attachment-large size-large wp-post-image\" alt=\"Grup-TLP Barcelona\" title=\"Grup-TLP Barcelona\"><div style=\"padding-bottom:75%\"><\/div><\/div><div class=\"w-vwrapper usg_vwrapper_1 align_none valign_top\"><div class=\"w-post-elm post_custom_field usg_post_custom_field_1 type_text nom_del_dispositiu color_link_inherit\"><span class=\"w-post-elm-value\">SR Lesseps Programa TLP<\/span><\/div><\/div>\t\t<\/div>\r\n\t\t\t<\/article>\r\n\t<article class=\"w-grid-item size_1x1 post-6302 dispositius_tlp type-dispositius_tlp status-publish format-standard has-post-thumbnail hentry tipus-de-dispositiu-atencio-adults-es tipus-de-dispositiu-dispositiu-tlp-es\" data-id=\"6302\">\r\n\t\t<div class=\"w-grid-item-h\">\r\n\t\t\t\t\t\t<div class=\"w-post-elm post_image usg_post_image_1 has_ratio\"><img loading=\"lazy\" decoding=\"async\" width=\"450\" height=\"450\" src=\"https:\/\/www.gruptlpbarcelona.org\/wp-content\/uploads\/2025\/05\/UHPD.jpg\" class=\"attachment-large size-large wp-post-image\" alt=\"Grup-TLP Barcelona\" title=\"Grup-TLP Barcelona\"><div style=\"padding-bottom:75%\"><\/div><\/div><div class=\"w-vwrapper usg_vwrapper_1 align_none valign_top\"><div class=\"w-post-elm post_custom_field usg_post_custom_field_1 type_text nom_del_dispositiu color_link_inherit\"><span class=\"w-post-elm-value\"> Unitat d\u2019Hopitalitzaci\u00f3 Parcial a Domicili<\/span><\/div><\/div>\t\t<\/div>\r\n\t\t\t<\/article>\r\n\t<article class=\"w-grid-item size_1x1 post-6304 dispositius_tlp type-dispositius_tlp status-publish format-standard has-post-thumbnail hentry tipus-de-dispositiu-atencio-adults-es tipus-de-dispositiu-dispositiu-tlp-es\" data-id=\"6304\">\r\n\t\t<div class=\"w-grid-item-h\">\r\n\t\t\t\t\t\t<div class=\"w-post-elm post_image usg_post_image_1 has_ratio\"><img loading=\"lazy\" decoding=\"async\" width=\"450\" height=\"450\" src=\"https:\/\/www.gruptlpbarcelona.org\/wp-content\/uploads\/2025\/05\/hospital-dia-Corsega.jpg\" class=\"attachment-large size-large wp-post-image\" alt=\"Grup-TLP Barcelona\" title=\"Grup-TLP Barcelona\"><div style=\"padding-bottom:75%\"><\/div><\/div><div class=\"w-vwrapper usg_vwrapper_1 align_none valign_top\"><div class=\"w-post-elm post_custom_field usg_post_custom_field_1 type_text nom_del_dispositiu color_link_inherit\"><span class=\"w-post-elm-value\">Hospital de dia C\u00f2rsega<\/span><\/div><\/div>\t\t<\/div>\r\n\t\t\t<\/article>\r\n\t<article class=\"w-grid-item size_1x1 post-6306 dispositius_tlp type-dispositius_tlp status-publish format-standard has-post-thumbnail hentry tipus-de-dispositiu-atencio-adults-es tipus-de-dispositiu-dispositiu-tlp-es\" data-id=\"6306\">\r\n\t\t<div class=\"w-grid-item-h\">\r\n\t\t\t\t\t\t<div class=\"w-post-elm post_image usg_post_image_1 has_ratio\"><img loading=\"lazy\" decoding=\"async\" width=\"450\" height=\"450\" src=\"https:\/\/www.gruptlpbarcelona.org\/wp-content\/uploads\/2025\/05\/hospital-dia-CPB.jpg\" class=\"attachment-large size-large wp-post-image\" alt=\"Grup-TLP Barcelona\" title=\"Grup-TLP Barcelona\"><div style=\"padding-bottom:75%\"><\/div><\/div><div class=\"w-vwrapper usg_vwrapper_1 align_none valign_top\"><div class=\"w-post-elm post_custom_field usg_post_custom_field_1 type_text nom_del_dispositiu color_link_inherit\"><span class=\"w-post-elm-value\">Hospital de dia CPB<\/span><\/div><\/div>\t\t<\/div>\r\n\t\t\t<\/article>\r\n\t<article class=\"w-grid-item size_1x1 post-6308 dispositius_tlp type-dispositius_tlp status-publish format-standard has-post-thumbnail hentry tipus-de-dispositiu-atencio-adults-es tipus-de-dispositiu-dispositiu-tlp-es\" data-id=\"6308\">\r\n\t\t<div class=\"w-grid-item-h\">\r\n\t\t\t\t\t\t<div class=\"w-post-elm post_image usg_post_image_1 has_ratio\"><img loading=\"lazy\" decoding=\"async\" width=\"400\" height=\"400\" src=\"https:\/\/www.gruptlpbarcelona.org\/wp-content\/uploads\/2025\/05\/csma-dreta-eixample.jpg\" class=\"attachment-large size-large wp-post-image\" alt=\"Grup-TLP Barcelona\" title=\"Grup-TLP Barcelona\"><div style=\"padding-bottom:75%\"><\/div><\/div><div class=\"w-vwrapper usg_vwrapper_1 align_none valign_top\"><div class=\"w-post-elm post_custom_field usg_post_custom_field_1 type_text nom_del_dispositiu color_link_inherit\"><span class=\"w-post-elm-value\">CSMA Dreta de l\u2019Eixample, Encants i Camp de l\u2019Arpa<\/span><\/div><\/div>\t\t<\/div>\r\n\t\t\t<\/article>\r\n<\/div>\t<div class=\"w-grid-preloader\">\r\n\t\t<div class=\"g-preloader type_1\">\r\n\t\t\t<div><\/div>\r\n\t\t<\/div>\r\n\t<\/div>\r\n\t\t<div class=\"w-grid-json hidden\" onclick='return {&quot;action&quot;:&quot;us_ajax_grid&quot;,&quot;infinite_scroll&quot;:0,&quot;max_num_pages&quot;:1,&quot;pagination&quot;:&quot;none&quot;,&quot;template_vars&quot;:{&quot;columns&quot;:&quot;4&quot;,&quot;exclude_items&quot;:&quot;none&quot;,&quot;img_size&quot;:&quot;default&quot;,&quot;ignore_items_size&quot;:0,&quot;items_layout&quot;:&quot;5308&quot;,&quot;items_offset&quot;:&quot;1&quot;,&quot;load_animation&quot;:&quot;none&quot;,&quot;overriding_link&quot;:&quot;%7B%22url%22%3A%22%22%7D&quot;,&quot;post_id&quot;:0,&quot;query_args&quot;:{&quot;post_type&quot;:[&quot;dispositius_tlp&quot;],&quot;tax_query&quot;:[{&quot;taxonomy&quot;:&quot;tipus-de-dispositiu&quot;,&quot;field&quot;:&quot;slug&quot;,&quot;terms&quot;:[&quot;atencio-adults&quot;]}],&quot;post_status&quot;:[&quot;publish&quot;,&quot;acf-disabled&quot;],&quot;posts_per_page&quot;:&quot;50&quot;},&quot;orderby_query_args&quot;:{&quot;orderby&quot;:{&quot;date&quot;:&quot;DESC&quot;}},&quot;type&quot;:&quot;grid&quot;,&quot;us_grid_post_type&quot;:&quot;dispositius_tlp&quot;,&quot;us_grid_ajax_index&quot;:2,&quot;us_grid_filter_query_string&quot;:null,&quot;us_grid_index&quot;:2,&quot;page_args&quot;:[],&quot;lang&quot;:&quot;es&quot;}}'><\/div>\r\n\t<\/div><\/div><\/div><\/div><\/div><\/section>\n","protected":false},"excerpt":{"rendered":"","protected":false},"author":3,"featured_media":6177,"parent":0,"menu_order":0,"comment_status":"closed","ping_status":"closed","template":"","meta":{"_acf_changed":false,"footnotes":""},"class_list":["post-6176","page","type-page","status-publish","has-post-thumbnail","hentry"],"acf":[],"_links":{"self":[{"href":"https:\/\/www.gruptlpbarcelona.org\/es\/wp-json\/wp\/v2\/pages\/6176","targetHints":{"allow":["GET"]}}],"collection":[{"href":"https:\/\/www.gruptlpbarcelona.org\/es\/wp-json\/wp\/v2\/pages"}],"about":[{"href":"https:\/\/www.gruptlpbarcelona.org\/es\/wp-json\/wp\/v2\/types\/page"}],"author":[{"embeddable":true,"href":"https:\/\/www.gruptlpbarcelona.org\/es\/wp-json\/wp\/v2\/users\/3"}],"replies":[{"embeddable":true,"href":"https:\/\/www.gruptlpbarcelona.org\/es\/wp-json\/wp\/v2\/comments?post=6176"}],"version-history":[{"count":11,"href":"https:\/\/www.gruptlpbarcelona.org\/es\/wp-json\/wp\/v2\/pages\/6176\/revisions"}],"predecessor-version":[{"id":6674,"href":"https:\/\/www.gruptlpbarcelona.org\/es\/wp-json\/wp\/v2\/pages\/6176\/revisions\/6674"}],"wp:featuredmedia":[{"embeddable":true,"href":"https:\/\/www.gruptlpbarcelona.org\/es\/wp-json\/wp\/v2\/media\/6177"}],"wp:attachment":[{"href":"https:\/\/www.gruptlpbarcelona.org\/es\/wp-json\/wp\/v2\/media?parent=6176"}],"curies":[{"name":"wp","href":"https:\/\/api.w.org\/{rel}","templated":true}]}}