{"id":6193,"date":"2015-10-22T06:25:53","date_gmt":"2015-10-22T04:25:53","guid":{"rendered":"https:\/\/www.gruptlpbarcelona.org\/que-es-el-trastorno-limite-de-la-pesonalidad-tlp\/"},"modified":"2025-08-27T11:52:08","modified_gmt":"2025-08-27T09:52:08","slug":"que-es-el-trastorno-limite-de-la-pesonalidad-tlp","status":"publish","type":"page","link":"https:\/\/www.gruptlpbarcelona.org\/es\/que-es-el-trastorno-limite-de-la-pesonalidad-tlp\/","title":{"rendered":"\u00bfQu\u00e9 es el Trastorno L\u00edmite de la Pesonalidad (TLP)?"},"content":{"rendered":"<section class=\"l-section wpb_row height_large with_img\"><div class=\"l-section-img\" role=\"img\" aria-label=\"Imagen\" data-img-width=\"1500\" data-img-height=\"1000\" style=\"background-image: url(https:\/\/www.gruptlpbarcelona.org\/wp-content\/uploads\/2025\/05\/tlp-que-es.jpg);background-repeat: no-repeat;\"><\/div><div class=\"l-section-overlay\" style=\"background:rgba(43,44,54,0.36)\"><\/div><div class=\"l-section-h i-cf\"><div class=\"g-cols vc_row via_grid cols_1-4-1 laptops-cols_inherit tablets-cols_inherit mobiles-cols_1 valign_top type_default stacking_default\"><div class=\"wpb_column vc_column_container\"><div class=\"vc_column-inner\"><\/div><\/div><div class=\"wpb_column vc_column_container\"><div class=\"vc_column-inner\"><div class=\"w-separator size_medium\"><\/div><h1 class=\"w-text us_custom_43cebf6c has_text_color\"><span class=\"w-text-h\"><span class=\"w-text-value\">\u00bfQu\u00e9 es el Trastorno L\u00edmite de la Personalidad (TLP)?<\/span><\/span><\/h1><div class=\"w-separator size_medium\"><\/div><\/div><\/div><div class=\"wpb_column vc_column_container\"><div class=\"vc_column-inner\"><\/div><\/div><\/div><\/div><\/section><section class=\"l-section wpb_row height_medium\"><div class=\"l-section-h i-cf\"><div class=\"g-cols vc_row via_grid cols_5-1 laptops-cols_inherit tablets-cols_inherit mobiles-cols_1 valign_top type_default stacking_default\"><div class=\"wpb_column vc_column_container\"><div class=\"vc_column-inner\"><div class=\"wpb_text_column\"><div class=\"wpb_wrapper\"><p>El Trastorno L\u00edmite de la Personalidad (TLP) es una <strong>enfermedad mental grave y cr\u00f3nica<\/strong>, que se caracteriza por la <strong>inestabilidad<\/strong> en el estado de \u00e1nimo, en las conductas y en las relaciones interpersonales, lo que conlleva alteraciones en muchas \u00e1reas de la vida (formativa\/laboral, afectiva, relacional y familiar). Las personas afectadas por este trastorno tienden a mostrar:<\/p>\n<ul>\n<li>Dificultades para regular sus emociones y pensamientos.<\/li>\n<li>Conductas impulsivas e imprudentes, que pueden incluir autolesiones e intentos de suicidio, con dificultades para mantener comportamientos estables y orientados a metas vitales.<\/li>\n<li>Establecen relaciones inestables con los dem\u00e1s.<\/li>\n<\/ul>\n<p>Los primeros s\u00edntomas pueden aparecer durante la adolescencia (etapa clave en el desarrollo de la personalidad) o en los primeros a\u00f1os de la adultez. El diagn\u00f3stico es complejo debido a que a menudo se presenta combinado con otros trastornos mentales como la depresi\u00f3n, la ansiedad, los trastornos de la conducta alimentaria, los trastornos por d\u00e9ficit de atenci\u00f3n o la adicci\u00f3n a sustancias.<\/p>\n<p>Se estima que afecta entre el 1 y el 2% de la poblaci\u00f3n general y que puede llegar a representar el 10% de los diagn\u00f3sticos psiqui\u00e1tricos.<\/p>\n<p>Aunque se considera un trastorno mental grave, puede tratarse eficazmente mediante tratamientos espec\u00edficos, obteniendo resultados satisfactorios y logrando que las personas afectadas lleven una vida m\u00e1s estable. Hoy en d\u00eda existen diferentes enfoques terap\u00e9uticos y se sigue investigando activamente para encontrar nuevos tratamientos que ayuden a\u00fan m\u00e1s en la recuperaci\u00f3n de estas alteraciones.<\/p>\n<\/div><\/div><\/div><\/div><div class=\"wpb_column vc_column_container\"><div class=\"vc_column-inner\"><\/div><\/div><\/div><\/div><\/section><section class=\"l-section wpb_row height_medium\"><div class=\"l-section-overlay\" style=\"background:var(--color-header-middle-text)\"><\/div><div class=\"l-section-h i-cf\"><div class=\"g-cols vc_row via_grid cols_1-2 laptops-cols_inherit tablets-cols_inherit mobiles-cols_1 valign_top type_default stacking_default\"><div class=\"wpb_column vc_column_container\"><div class=\"vc_column-inner\"><div class=\"w-image us_custom_6d6e167f has_ratio align_right has_bg_color\"><div class=\"w-image-h\"><div style=\"padding-bottom:100%\"><\/div><img decoding=\"async\" width=\"683\" height=\"1024\" src=\"https:\/\/www.gruptlpbarcelona.org\/wp-content\/uploads\/2025\/05\/ORIENTA_LauraSoriano-5593-683x1024.jpg\" class=\"attachment-large size-large\" alt=\"Grup-TLP Barcelona\" loading=\"lazy\" title=\"Grup-TLP Barcelona\"><\/div><\/div><\/div><\/div><div class=\"wpb_column vc_column_container\"><div class=\"vc_column-inner\"><div class=\"w-vwrapper align_left valign_top\" style=\"--vwrapper-gap:0.3rem\"><div class=\"w-iconbox us_custom_f0fd953a has_text_color iconpos_left style_default color_custom align_left no_text\"><div class=\"w-iconbox-icon\" style=\"font-size:18px;--icon-color:#a90079;\"><i class=\"fas fa-megaphone\"><\/i><\/div><div class=\"w-iconbox-meta\"><h4 class=\"w-iconbox-title\" style=\"font-size:16px;\">FORMACI\u00d3N PARA PROFESIONALES DE LA SALUD MENTAL<\/h4><\/div><\/div><div class=\"wpb_text_column\"><div class=\"wpb_wrapper\"><h3>Encuentros con el experto, sesiones monogr\u00e1ficas y seminarios<\/h3>\n<\/div><\/div><div class=\"wpb_text_column\"><div class=\"wpb_wrapper\"><p><span class=\"OYPEnA font-feature-liga-off font-feature-clig-off font-feature-calt-off text-decoration-none text-strikethrough-none\">\u00bfTe gustar\u00eda profundizar en temas de actualidad sobre el<\/span> <span class=\"OYPEnA font-feature-liga-off font-feature-clig-off font-feature-calt-off text-decoration-none text-strikethrough-none\">Trastorno L\u00edmite de la Personalidad (TLP)<\/span> <span class=\"OYPEnA font-feature-liga-off font-feature-clig-off font-feature-calt-off text-decoration-none text-strikethrough-none\">de la mano de profesionales expertos de referencia?<\/span><\/p>\n<\/div><\/div><div class=\"w-btn-wrapper align_none\"><a class=\"w-btn us-btn-style_3\" href=\"https:\/\/www.gruptlpbarcelona.org\/es\/formacion\/\"><span class=\"w-btn-label\">VER TODAS LAS FORMACIONES<\/span><\/a><\/div><\/div><\/div><\/div><\/div><\/div><\/section>\n","protected":false},"excerpt":{"rendered":"\u00bfQu\u00e9 es el Trastorno L\u00edmite de la Personalidad (TLP)?El Trastorno L\u00edmite de la Personalidad (TLP) es una enfermedad mental grave y cr\u00f3nica, que se caracteriza por la inestabilidad en el estado de \u00e1nimo, en las conductas y en las relaciones interpersonales, lo que conlleva alteraciones en muchas \u00e1reas de la vida (formativa\/laboral, afectiva, relacional y...","protected":false},"author":5,"featured_media":6195,"parent":0,"menu_order":0,"comment_status":"closed","ping_status":"closed","template":"","meta":{"_acf_changed":false,"footnotes":""},"class_list":["post-6193","page","type-page","status-publish","has-post-thumbnail","hentry"],"acf":[],"_links":{"self":[{"href":"https:\/\/www.gruptlpbarcelona.org\/es\/wp-json\/wp\/v2\/pages\/6193","targetHints":{"allow":["GET"]}}],"collection":[{"href":"https:\/\/www.gruptlpbarcelona.org\/es\/wp-json\/wp\/v2\/pages"}],"about":[{"href":"https:\/\/www.gruptlpbarcelona.org\/es\/wp-json\/wp\/v2\/types\/page"}],"author":[{"embeddable":true,"href":"https:\/\/www.gruptlpbarcelona.org\/es\/wp-json\/wp\/v2\/users\/5"}],"replies":[{"embeddable":true,"href":"https:\/\/www.gruptlpbarcelona.org\/es\/wp-json\/wp\/v2\/comments?post=6193"}],"version-history":[{"count":9,"href":"https:\/\/www.gruptlpbarcelona.org\/es\/wp-json\/wp\/v2\/pages\/6193\/revisions"}],"predecessor-version":[{"id":6420,"href":"https:\/\/www.gruptlpbarcelona.org\/es\/wp-json\/wp\/v2\/pages\/6193\/revisions\/6420"}],"wp:featuredmedia":[{"embeddable":true,"href":"https:\/\/www.gruptlpbarcelona.org\/es\/wp-json\/wp\/v2\/media\/6195"}],"wp:attachment":[{"href":"https:\/\/www.gruptlpbarcelona.org\/es\/wp-json\/wp\/v2\/media?parent=6193"}],"curies":[{"name":"wp","href":"https:\/\/api.w.org\/{rel}","templated":true}]}}