{"id":6204,"date":"2016-06-01T16:38:40","date_gmt":"2016-06-01T14:38:40","guid":{"rendered":"https:\/\/www.gruptlpbarcelona.org\/trastorno-limite-de-la-personalidad-en-adolescentes\/"},"modified":"2025-08-27T12:02:18","modified_gmt":"2025-08-27T10:02:18","slug":"trastorno-limite-de-la-personalidad-en-adolescentes","status":"publish","type":"page","link":"https:\/\/www.gruptlpbarcelona.org\/es\/trastorno-limite-de-la-personalidad-en-adolescentes\/","title":{"rendered":"Trastorno L\u00edmite de la Personalidad en Adolescentes"},"content":{"rendered":"<section class=\"l-section wpb_row height_large with_img\"><div class=\"l-section-img\" role=\"img\" aria-label=\"Imagen\" data-img-width=\"1500\" data-img-height=\"1000\" style=\"background-image: url(https:\/\/www.gruptlpbarcelona.org\/wp-content\/uploads\/2025\/05\/tlp-joves.jpg);background-repeat: no-repeat;\"><\/div><div class=\"l-section-overlay\" style=\"background:rgba(43,44,54,0.36)\"><\/div><div class=\"l-section-h i-cf\"><div class=\"g-cols vc_row via_grid cols_1-4-1 laptops-cols_inherit tablets-cols_inherit mobiles-cols_1 valign_top type_default stacking_default\"><div class=\"wpb_column vc_column_container\"><div class=\"vc_column-inner\"><\/div><\/div><div class=\"wpb_column vc_column_container\"><div class=\"vc_column-inner\"><div class=\"w-separator size_medium\"><\/div><h1 class=\"w-text us_custom_43cebf6c has_text_color\"><span class=\"w-text-h\"><span class=\"w-text-value\">Trastorno L\u00edmit ede la Personalidad en Adolescentes<\/span><\/span><\/h1><div class=\"w-separator size_medium\"><\/div><\/div><\/div><div class=\"wpb_column vc_column_container\"><div class=\"vc_column-inner\"><\/div><\/div><\/div><\/div><\/section><section class=\"l-section wpb_row height_medium\"><div class=\"l-section-h i-cf\"><div class=\"g-cols vc_row via_grid cols_2-1 laptops-cols_inherit tablets-cols_inherit mobiles-cols_1 valign_top type_default stacking_default\"><div class=\"wpb_column vc_column_container\"><div class=\"vc_column-inner\"><div class=\"wpb_text_column\"><div class=\"wpb_wrapper\"><p><strong>La adolescencia es un per\u00edodo<\/strong> de grandes cambios que, en muchos casos, supone una etapa de crisis. El adolescente debe reducir su dependencia psicol\u00f3gica de los padres para la regulaci\u00f3n de su autoestima, la gesti\u00f3n de su conducta y de sus relaciones. Necesita establecer un sentido claro de su identidad y de su sistema de valores.<\/p>\n<p><strong>Aunque la adolescencia es la \u00e9poca en la que suele manifestarse el Trastorno L\u00edmite de la Personalidad (TLP)<\/strong>, no siempre resulta f\u00e1cil detectarlo ni diferenciarlo de comportamientos t\u00edpicos de la crisis adolescente, ya que tiene muchos elementos en com\u00fan: ansiedad y depresi\u00f3n, conflictos familiares, conducta rebelde, conflictos con la identidad y la sexualidad.<\/p>\n<p><strong>Puede haber riesgo de que exista un Trastorno L\u00edmite de la Personalidad si se observan las siguientes alteraciones<\/strong> de forma intensa y prolongada en las siguientes \u00e1reas:<\/p>\n<ul>\n<li><strong>Afectiva<\/strong>: desregulaci\u00f3n emocional, inestabilidad afectiva y sentimientos cr\u00f3nicos de vac\u00edo.<\/li>\n<li><strong>Cognitiva<\/strong>: alteraci\u00f3n de la identidad, desconfianza excesiva.<\/li>\n<li><strong>Conductual<\/strong>: impulsividad, conductas autodestructivas, autolesiones, ideaci\u00f3n o intentos de suicidio.<\/li>\n<li><strong>Interpersonal<\/strong>: relaciones inestables e intensas, interrupci\u00f3n de v\u00ednculos, miedos irracionales al abandono.<\/li>\n<\/ul>\n<p><strong>La detecci\u00f3 preco\u00e7 \u00e9s fonamental per millorar el pron\u00f2stic<\/strong> i ajudar a desenvolupar una qualitat de vida m\u00e9s saludable i satisfact\u00f2ria.<\/p>\n<\/div><\/div><\/div><\/div><div class=\"wpb_column vc_column_container\"><div class=\"vc_column-inner\"><\/div><\/div><\/div><\/div><\/section><section class=\"l-section wpb_row height_medium\"><div class=\"l-section-overlay\" style=\"background:var(--color-header-middle-text)\"><\/div><div class=\"l-section-h i-cf\"><div class=\"g-cols vc_row via_grid cols_1-2 laptops-cols_inherit tablets-cols_inherit mobiles-cols_1 valign_top type_default stacking_default\"><div class=\"wpb_column vc_column_container\"><div class=\"vc_column-inner\"><div class=\"w-image us_custom_d8c59015 has_ratio align_right has_bg_color\"><div class=\"w-image-h\"><div style=\"padding-bottom:100%\"><\/div><img decoding=\"async\" width=\"683\" height=\"1024\" src=\"https:\/\/www.gruptlpbarcelona.org\/wp-content\/uploads\/2025\/05\/ORIENTA_LauraSoriano-5593-683x1024.jpg\" class=\"attachment-large size-large\" alt=\"Grup-TLP Barcelona\" loading=\"lazy\" title=\"Grup-TLP Barcelona\"><\/div><\/div><\/div><\/div><div class=\"wpb_column vc_column_container\"><div class=\"vc_column-inner\"><div class=\"w-vwrapper align_left valign_top\" style=\"--vwrapper-gap:0.3rem\"><div class=\"w-iconbox us_custom_f0fd953a has_text_color iconpos_left style_default color_custom align_left no_text\"><div class=\"w-iconbox-icon\" style=\"font-size:18px;--icon-color:#a90079;\"><i class=\"fas fa-megaphone\"><\/i><\/div><div class=\"w-iconbox-meta\"><h4 class=\"w-iconbox-title\" style=\"font-size:16px;\">FORMACI\u00d3N PARA PROFESIONALES DE LA SALUD MENTAL<\/h4><\/div><\/div><div class=\"wpb_text_column\"><div class=\"wpb_wrapper\"><h3>Encuentros con el experto, sesiones monogr\u00e1ficas y seminarios<\/h3>\n<\/div><\/div><div class=\"wpb_text_column\"><div class=\"wpb_wrapper\"><p><span class=\"OYPEnA font-feature-liga-off font-feature-clig-off font-feature-calt-off text-decoration-none text-strikethrough-none\">\u00bfTe gustar\u00eda profundizar en temas de actualidad sobre el<\/span> <span class=\"OYPEnA font-feature-liga-off font-feature-clig-off font-feature-calt-off text-decoration-none text-strikethrough-none\">Trastorno L\u00edmite de la Personalidad (TLP)<\/span> <span class=\"OYPEnA font-feature-liga-off font-feature-clig-off font-feature-calt-off text-decoration-none text-strikethrough-none\">de la mano de profesionales expertos de referencia?<\/span><\/p>\n<\/div><\/div><div class=\"w-btn-wrapper align_none\"><a class=\"w-btn us-btn-style_3\" href=\"https:\/\/www.gruptlpbarcelona.org\/es\/formacion\/\"><span class=\"w-btn-label\">VER TODAS LAS FORMACIONES<\/span><\/a><\/div><\/div><\/div><\/div><\/div><\/div><\/section>\n","protected":false},"excerpt":{"rendered":"Trastorno L\u00edmit ede la Personalidad en AdolescentesLa adolescencia es un per\u00edodo de grandes cambios que, en muchos casos, supone una etapa de crisis. El adolescente debe reducir su dependencia psicol\u00f3gica de los padres para la regulaci\u00f3n de su autoestima, la gesti\u00f3n de su conducta y de sus relaciones. Necesita establecer un sentido claro de su...","protected":false},"author":5,"featured_media":6194,"parent":0,"menu_order":0,"comment_status":"closed","ping_status":"closed","template":"","meta":{"_acf_changed":false,"footnotes":""},"class_list":["post-6204","page","type-page","status-publish","has-post-thumbnail","hentry"],"acf":[],"_links":{"self":[{"href":"https:\/\/www.gruptlpbarcelona.org\/es\/wp-json\/wp\/v2\/pages\/6204","targetHints":{"allow":["GET"]}}],"collection":[{"href":"https:\/\/www.gruptlpbarcelona.org\/es\/wp-json\/wp\/v2\/pages"}],"about":[{"href":"https:\/\/www.gruptlpbarcelona.org\/es\/wp-json\/wp\/v2\/types\/page"}],"author":[{"embeddable":true,"href":"https:\/\/www.gruptlpbarcelona.org\/es\/wp-json\/wp\/v2\/users\/5"}],"replies":[{"embeddable":true,"href":"https:\/\/www.gruptlpbarcelona.org\/es\/wp-json\/wp\/v2\/comments?post=6204"}],"version-history":[{"count":9,"href":"https:\/\/www.gruptlpbarcelona.org\/es\/wp-json\/wp\/v2\/pages\/6204\/revisions"}],"predecessor-version":[{"id":6430,"href":"https:\/\/www.gruptlpbarcelona.org\/es\/wp-json\/wp\/v2\/pages\/6204\/revisions\/6430"}],"wp:featuredmedia":[{"embeddable":true,"href":"https:\/\/www.gruptlpbarcelona.org\/es\/wp-json\/wp\/v2\/media\/6194"}],"wp:attachment":[{"href":"https:\/\/www.gruptlpbarcelona.org\/es\/wp-json\/wp\/v2\/media?parent=6204"}],"curies":[{"name":"wp","href":"https:\/\/api.w.org\/{rel}","templated":true}]}}