{"id":6211,"date":"2016-06-01T16:48:27","date_gmt":"2016-06-01T14:48:27","guid":{"rendered":"https:\/\/www.gruptlpbarcelona.org\/trastorno-limite-de-la-personalidad-en-adultos\/"},"modified":"2025-08-27T12:18:57","modified_gmt":"2025-08-27T10:18:57","slug":"trastorno-limite-de-la-personalidad-en-adultos","status":"publish","type":"page","link":"https:\/\/www.gruptlpbarcelona.org\/es\/trastorno-limite-de-la-personalidad-en-adultos\/","title":{"rendered":"Trastorno L\u00edmite de la Personalidad en Adultos"},"content":{"rendered":"<section class=\"l-section wpb_row height_large with_img\"><div class=\"l-section-img\" role=\"img\" aria-label=\"Imagen\" data-img-width=\"1500\" data-img-height=\"1000\" style=\"background-image: url(https:\/\/www.gruptlpbarcelona.org\/wp-content\/uploads\/2025\/05\/tlp-adults.jpg);background-repeat: no-repeat;\"><\/div><div class=\"l-section-overlay\" style=\"background:rgba(43,44,54,0.36)\"><\/div><div class=\"l-section-h i-cf\"><div class=\"g-cols vc_row via_grid cols_1-4-1 laptops-cols_inherit tablets-cols_inherit mobiles-cols_1 valign_top type_default stacking_default\"><div class=\"wpb_column vc_column_container\"><div class=\"vc_column-inner\"><\/div><\/div><div class=\"wpb_column vc_column_container\"><div class=\"vc_column-inner\"><div class=\"w-separator size_medium\"><\/div><h1 class=\"w-text us_custom_43cebf6c has_text_color\"><span class=\"w-text-h\"><span class=\"w-text-value\">Trastorno L\u00edmite de la Personalidadt en Adultos<\/span><\/span><\/h1><div class=\"w-separator size_medium\"><\/div><\/div><\/div><div class=\"wpb_column vc_column_container\"><div class=\"vc_column-inner\"><\/div><\/div><\/div><\/div><\/section><section class=\"l-section wpb_row height_medium\"><div class=\"l-section-h i-cf\"><div class=\"g-cols vc_row via_grid cols_2-1 laptops-cols_inherit tablets-cols_inherit mobiles-cols_1 valign_top type_default stacking_default\"><div class=\"wpb_column vc_column_container\"><div class=\"vc_column-inner\"><div class=\"wpb_text_column\"><div class=\"wpb_wrapper\"><p><strong>El Trastorno L\u00edmite de la Personalidad<\/strong> (TLP) suele iniciarse en la adolescencia, pero es en la edad adulta cuando se manifiestan los s\u00edntomas caracter\u00edsticos del trastorno. La persona afectada suele presentar un sentido difuso de s\u00ed misma, junto con una inestabilidad emocional persistente y una elevada impulsividad.<\/p>\n<p>Algunas de las conductas t\u00edpicas de una persona con TLP son:<\/p>\n<ul>\n<li>Relaciones interpersonales altamente conflictivas.<\/li>\n<li>Actitudes violentas e ira no justificadas.<\/li>\n<li>Tendencia a la autolesi\u00f3n y conductas suicidas.<\/li>\n<li>Abuso de drogas y otras sustancias adictivas.<\/li>\n<li>Fracaso en la vida acad\u00e9mica o profesional.<\/li>\n<\/ul>\n<p>Dada la gravedad cl\u00ednica del TLP, las personas que lo padecen suelen presentar un importante deterioro en sus relaciones en todos los \u00e1mbitos: personal, acad\u00e9mico, laboral, familiar y social, lo que dificulta el desarrollo de una vida adecuada. Aunque con el paso de los a\u00f1os se observa una tendencia hacia la estabilizaci\u00f3n de los s\u00edntomas cl\u00ednicos m\u00e1s prevalentes, estos pacientes siguen presentando altos \u00edndices de disfuncionalidad y, en muchos casos, una calidad de vida reducida.<\/p>\n<\/div><\/div><\/div><\/div><div class=\"wpb_column vc_column_container\"><div class=\"vc_column-inner\"><\/div><\/div><\/div><\/div><\/section><section class=\"l-section wpb_row height_medium\"><div class=\"l-section-overlay\" style=\"background:var(--color-header-middle-text)\"><\/div><div class=\"l-section-h i-cf\"><div class=\"g-cols vc_row via_grid cols_1-2 laptops-cols_inherit tablets-cols_inherit mobiles-cols_1 valign_top type_default stacking_default\"><div class=\"wpb_column vc_column_container\"><div class=\"vc_column-inner\"><div class=\"w-image us_custom_d8c59015 has_ratio align_right has_bg_color\"><div class=\"w-image-h\"><div style=\"padding-bottom:100%\"><\/div><img decoding=\"async\" width=\"683\" height=\"1024\" src=\"https:\/\/www.gruptlpbarcelona.org\/wp-content\/uploads\/2025\/05\/ORIENTA_LauraSoriano-5593-683x1024.jpg\" class=\"attachment-large size-large\" alt=\"Grup-TLP Barcelona\" loading=\"lazy\" title=\"Grup-TLP Barcelona\"><\/div><\/div><\/div><\/div><div class=\"wpb_column vc_column_container\"><div class=\"vc_column-inner\"><div class=\"w-vwrapper align_left valign_top\" style=\"--vwrapper-gap:0.3rem\"><div class=\"w-iconbox us_custom_f0fd953a has_text_color iconpos_left style_default color_custom align_left no_text\"><div class=\"w-iconbox-icon\" style=\"font-size:18px;--icon-color:#a90079;\"><i class=\"fas fa-megaphone\"><\/i><\/div><div class=\"w-iconbox-meta\"><h4 class=\"w-iconbox-title\" style=\"font-size:16px;\">FORMACI\u00d3N PARA PROFESIONALES DE LA SALUD MENTAL<\/h4><\/div><\/div><div class=\"wpb_text_column\"><div class=\"wpb_wrapper\"><h3>Encuentros con el experto, sesiones monogr\u00e1ficas y seminarios<\/h3>\n<\/div><\/div><div class=\"wpb_text_column\"><div class=\"wpb_wrapper\"><p><span class=\"OYPEnA font-feature-liga-off font-feature-clig-off font-feature-calt-off text-decoration-none text-strikethrough-none\">\u00bfTe gustar\u00eda profundizar en temas de actualidad sobre el<\/span> <span class=\"OYPEnA font-feature-liga-off font-feature-clig-off font-feature-calt-off text-decoration-none text-strikethrough-none\">Trastorno L\u00edmite de la Personalidad (TLP)<\/span> <span class=\"OYPEnA font-feature-liga-off font-feature-clig-off font-feature-calt-off text-decoration-none text-strikethrough-none\">de la mano de profesionales expertos de referencia?<\/span><\/p>\n<\/div><\/div><div class=\"w-btn-wrapper align_none\"><a class=\"w-btn us-btn-style_3\" href=\"https:\/\/www.gruptlpbarcelona.org\/es\/formacion\/\"><span class=\"w-btn-label\">VER TODAS LAS FORMACIONES<\/span><\/a><\/div><\/div><\/div><\/div><\/div><\/div><\/section>\n","protected":false},"excerpt":{"rendered":"Trastorno L\u00edmite de la Personalidadt en AdultosEl Trastorno L\u00edmite de la Personalidad (TLP) suele iniciarse en la adolescencia, pero es en la edad adulta cuando se manifiestan los s\u00edntomas caracter\u00edsticos del trastorno. La persona afectada suele presentar un sentido difuso de s\u00ed misma, junto con una inestabilidad emocional persistente y una elevada impulsividad. Algunas de...","protected":false},"author":5,"featured_media":0,"parent":0,"menu_order":0,"comment_status":"closed","ping_status":"closed","template":"","meta":{"_acf_changed":false,"footnotes":""},"class_list":["post-6211","page","type-page","status-publish","hentry"],"acf":[],"_links":{"self":[{"href":"https:\/\/www.gruptlpbarcelona.org\/es\/wp-json\/wp\/v2\/pages\/6211","targetHints":{"allow":["GET"]}}],"collection":[{"href":"https:\/\/www.gruptlpbarcelona.org\/es\/wp-json\/wp\/v2\/pages"}],"about":[{"href":"https:\/\/www.gruptlpbarcelona.org\/es\/wp-json\/wp\/v2\/types\/page"}],"author":[{"embeddable":true,"href":"https:\/\/www.gruptlpbarcelona.org\/es\/wp-json\/wp\/v2\/users\/5"}],"replies":[{"embeddable":true,"href":"https:\/\/www.gruptlpbarcelona.org\/es\/wp-json\/wp\/v2\/comments?post=6211"}],"version-history":[{"count":9,"href":"https:\/\/www.gruptlpbarcelona.org\/es\/wp-json\/wp\/v2\/pages\/6211\/revisions"}],"predecessor-version":[{"id":6440,"href":"https:\/\/www.gruptlpbarcelona.org\/es\/wp-json\/wp\/v2\/pages\/6211\/revisions\/6440"}],"wp:attachment":[{"href":"https:\/\/www.gruptlpbarcelona.org\/es\/wp-json\/wp\/v2\/media?parent=6211"}],"curies":[{"name":"wp","href":"https:\/\/api.w.org\/{rel}","templated":true}]}}