{"id":6339,"date":"2016-06-01T08:51:59","date_gmt":"2016-06-01T06:51:59","guid":{"rendered":"https:\/\/www.gruptlpbarcelona.org\/politica-de-privacidad\/"},"modified":"2016-06-01T08:51:59","modified_gmt":"2016-06-01T06:51:59","slug":"politica-de-privacidad","status":"publish","type":"page","link":"https:\/\/www.gruptlpbarcelona.org\/es\/politica-de-privacidad\/","title":{"rendered":"Pol\u00edtica de Privacidad"},"content":{"rendered":"<h1><strong>Pol\u00edtica de Privacidad<\/strong><\/h1>\n<p>Grup-TLP desea poner en conocimiento de los usuarios de la p\u00e1gina web la presente informaci\u00f3n en materia de protecci\u00f3n de datos, en la que les indicamos de forma transparente toda la informaci\u00f3n sobre los tratamientos que realizaremos de sus datos personales con el fin de dar cumplimiento a las disposiciones contenidas en el Reglamento (UE) 2016\/679 del Parlamento Europeo y del Consejo, de 27 de abril de 2016, relativo a la protecci\u00f3n de las personas f\u00edsicas en lo que respecta al tratamiento de datos personales y a la libre circulaci\u00f3n de estos datos (RGPD), as\u00ed como en la Ley Org\u00e1nica 3\/2018, de 5 de diciembre, de Protecci\u00f3n de Datos Personales y garant\u00eda de los derechos digitales (LOPD).<\/p>\n<p><strong>1. RESPONSABLE DEL TRATAMIENTO<\/strong><br \/>\nLas entidades responsables del tratamiento de sus datos son:<br \/>\nLa FUNDACI\u00d3 PRIVADA CPB SERVEIS SALUT MENTAL, titular del CIF n\u00famero G67096248, con domicilio social en Carrer Mare de D\u00e9u del Coll, n\u00famero 20, de Barcelona (08023).<br \/>\nPara cualquier cuesti\u00f3n relacionada con sus datos personales y la protecci\u00f3n de datos en general, puede contactar con el Delegado de Protecci\u00f3n de Datos de la Fundaci\u00f3n CPB a trav\u00e9s del correo electr\u00f3nico dpo@cpbssm.com.<br \/>\nLa FUNDACI\u00d3 ORIENTA CENTRE D\u2019HIGIENE MENTAL, titular del CIF n\u00famero G-61522017, con domicilio social en Cardenal Vidal i Barraquer, 28, Sant Boi de Llobregat (08830).<br \/>\nPara cualquier cuesti\u00f3n relacionada con sus datos personales y la protecci\u00f3n de datos en general, puede contactar con el Delegado de Protecci\u00f3n de Datos de la Fundaci\u00f3n Orienta a trav\u00e9s del correo electr\u00f3nico dpd@fundacioorienta.com.<\/p>\n<p><strong>2. TIPOLOG\u00cdA DE DATOS RECOPILADOS Y FINALIDAD DEL TRATAMIENTO<\/strong><br \/>\nDesde Grup-TLP recopilamos \u00fanicamente aquellos datos personales que usted nos facilita a trav\u00e9s de los canales de interacci\u00f3n y comunicaci\u00f3n. Los datos que podemos recabar son los siguientes:<br \/>\n\u00b7Nombre y apellidos<br \/>\n\u00b7Direcci\u00f3n de correo electr\u00f3nico<br \/>\n\u00b7Informaci\u00f3n sobre su uso y navegaci\u00f3n por la p\u00e1gina web (p\u00e1gina web desde la que accede, capas visitadas, procesos iniciados y abandonados, direcci\u00f3n IP, tiempo que ha navegado por nuestra web, etc.)<br \/>\n\u2022 Cualquier otro dato personal que el Usuario pueda facilitarnos al ponerse en contacto con nosotros<br \/>\nTrataremos los datos recopilados exclusivamente con la siguiente finalidad:<br \/>\n\u00b7 Contacto: proporcionar un servicio de atenci\u00f3n al cliente con el fin de gestionar, contactar y responder a las consultas, dudas o solicitudes de informaci\u00f3n enviadas por los propios interesados.<\/p>\n<p><strong>3. LEGITIMACI\u00d3N DEL TRTAMIENTO<\/strong><br \/>\nLa normativa de protecci\u00f3n de datos exige que el tratamiento de sus datos personales tenga una base que legitime dicho tratamiento. En este sentido, para tratar sus datos de navegaci\u00f3n nos basamos en su consentimiento expreso al aceptar la presente Pol\u00edtica de Privacidad al acceder a nuestra p\u00e1gina web, conforme al art\u00edculo 6.1.a) del RGPD.<br \/>\nEn el caso de que la persona interesada no facilite los datos o estos sean err\u00f3neos o inexactos, no podremos atender su solicitud, resultando imposible ponernos en contacto o proporcionarle la informaci\u00f3n solicitada. Por tanto, los responsables del tratamiento quedar\u00e1n exonerados de toda responsabilidad que pudiera derivarse de las consecuencias de dichas informaciones inexactas o err\u00f3neas.  <\/p>\n<p><strong>4. DESTINATARIOS DE LOS DATOS<\/strong><br \/>\nSus datos no ser\u00e1n comunicados a ninguna otra entidad, salvo que exista un requerimiento legal previo u otra base que legitime dicha comunicaci\u00f3n. Asimismo, le informamos de que sus datos personales no ser\u00e1n transferidos a ning\u00fan pa\u00eds fuera del Espacio Econ\u00f3mico Europeo. <\/p>\n<p><strong>5. PLAZO DE CONSERVACI\u00d3N DE LOS DATOS<\/strong><br \/>\nLos datos personales que usted nos facilite ser\u00e1n tratados durante el tiempo necesario para cumplir con la finalidad para la que fueron recabados. Transcurrido dicho plazo, Grup-TLP conservar\u00e1 sus datos personales, cuando estos dejen de ser pertinentes para las finalidades recogidas, debidamente bloqueados, para su puesta a disposici\u00f3n de las administraciones p\u00fablicas competentes, los jueces y tribunales o el ministerio fiscal durante el plazo de prescripci\u00f3n de las acciones que puedan derivarse de la relaci\u00f3n mantenida con el usuario y\/o los plazos de conservaci\u00f3n previstos legalmente. Grup-TLP proceder\u00e1 a la supresi\u00f3n f\u00edsica de sus datos una vez transcurridos dichos plazos.  <\/p>\n<p><strong>6. DERECHOS DE LOS INTERESADOS<\/strong><br \/>\nUsted podr\u00e1 ejercer en todo momento, en los t\u00e9rminos establecidos por la legislaci\u00f3n vigente, los derechos de acceso, rectificaci\u00f3n o supresi\u00f3n de datos, solicitar que se limite el tratamiento, oponerse al mismo, solicitar la portabilidad de sus datos, as\u00ed como revocar el consentimiento prestado, derechos reconocidos en el citado Reglamento General de Protecci\u00f3n de Datos y en la LOPD.<br \/>\nPodr\u00e1 ejercer sus derechos enviando su solicitud y adjuntando una fotocopia de su DNI\/NIE\/Pasaporte, a trav\u00e9s de las direcciones indicadas al inicio de la presente Pol\u00edtica de Privacidad.<br \/>\nLos interesados tambi\u00e9n pueden retirar, en cualquier momento, su consentimiento mediante el procedimiento detallado en el p\u00e1rrafo anterior.<br \/>\nAsimismo, le informamos que, en caso de que considere que Grup-TLP no ha satisfecho correctamente el ejercicio de sus derechos, podr\u00e1 presentar una reclamaci\u00f3n ante la Autoridad Catalana de Protecci\u00f3n de Datos (APDCAT), dirigi\u00e9ndose a su p\u00e1gina web: https:\/\/apdcat.gencat.cat\/ca\/inici.<\/p>\n<p><strong>7. SEGURIDAD DE LOS DATOS<\/strong><br \/>\nDesde Grup-TLP se adoptar\u00e1n las medidas t\u00e9cnicas y organizativas necesarias, as\u00ed como procedimientos estrictos de seguridad para asegurar un tratamiento justo y transparente de sus datos personales, prevenir riesgos y evitar cualquier acceso no autorizado.<br \/>\nToda la informaci\u00f3n que nos proporcione ser\u00e1 almacenada en servidores seguros. As\u00ed, una vez hayamos recibido toda su informaci\u00f3n, utilizaremos procedimientos estrictos de seguridad para intentar evitar cualquier acceso no autorizado.<br \/>\nDe igual forma, desde Grup-TLP nos aseguramos de que nuestros proveedores de servicios cuenten con est\u00e1ndares de seguridad adecuados para la protecci\u00f3n de sus datos personales a los que tengan acceso. <\/p>\n<p><strong>8. CAMBIOS EN LA PRESENTE POL\u00cdTICA DE PRIVACIDAD<\/strong><br \/>\nGrup-TLP se reserva el derecho de modificar, actualizar o adaptar la presente Pol\u00edtica de Privacidad a cualquier cambio legislativo, jurisprudencial o de interpretaci\u00f3n por parte de la Autoridad Catalana de Protecci\u00f3n de Datos o la Agencia Espa\u00f1ola de Protecci\u00f3n de Datos. Grup-TLP se reserva por tanto el derecho a modificarla y le anima a revisar frecuentemente esta pol\u00edtica, con el objetivo de estar adecuadamente informado. <\/p>\n<p><strong>9. CONTACTO<\/strong><br \/>\nCualquier duda, comentario o sugerencia sobre la Pol\u00edtica de Privacidad puede ponerse en contacto con nosotros a trav\u00e9s de las direcciones indicadas al inicio.<\/p>\n<p>\u00daltima versi\u00f3n: 6 de junio de 2025<\/p>\n","protected":false},"excerpt":{"rendered":"<p>Pol\u00edtica de Privacidad Grup-TLP desea poner en conocimiento de los usuarios de la p\u00e1gina web la presente informaci\u00f3n en materia de protecci\u00f3n de datos, en la que les indicamos de forma transparente toda la informaci\u00f3n sobre los tratamientos que realizaremos de sus datos personales con el fin de dar cumplimiento a las disposiciones contenidas en&#8230;<\/p>\n","protected":false},"author":5,"featured_media":0,"parent":0,"menu_order":0,"comment_status":"closed","ping_status":"closed","template":"","meta":{"_acf_changed":false,"footnotes":""},"class_list":["post-6339","page","type-page","status-publish","hentry"],"acf":[],"_links":{"self":[{"href":"https:\/\/www.gruptlpbarcelona.org\/es\/wp-json\/wp\/v2\/pages\/6339","targetHints":{"allow":["GET"]}}],"collection":[{"href":"https:\/\/www.gruptlpbarcelona.org\/es\/wp-json\/wp\/v2\/pages"}],"about":[{"href":"https:\/\/www.gruptlpbarcelona.org\/es\/wp-json\/wp\/v2\/types\/page"}],"author":[{"embeddable":true,"href":"https:\/\/www.gruptlpbarcelona.org\/es\/wp-json\/wp\/v2\/users\/5"}],"replies":[{"embeddable":true,"href":"https:\/\/www.gruptlpbarcelona.org\/es\/wp-json\/wp\/v2\/comments?post=6339"}],"version-history":[{"count":0,"href":"https:\/\/www.gruptlpbarcelona.org\/es\/wp-json\/wp\/v2\/pages\/6339\/revisions"}],"wp:attachment":[{"href":"https:\/\/www.gruptlpbarcelona.org\/es\/wp-json\/wp\/v2\/media?parent=6339"}],"curies":[{"name":"wp","href":"https:\/\/api.w.org\/{rel}","templated":true}]}}