{"id":6340,"date":"2018-07-17T09:23:39","date_gmt":"2018-07-17T07:23:39","guid":{"rendered":"https:\/\/www.gruptlpbarcelona.org\/politica-de-cookies\/"},"modified":"2018-07-17T09:23:39","modified_gmt":"2018-07-17T07:23:39","slug":"politica-de-cookies","status":"publish","type":"page","link":"https:\/\/www.gruptlpbarcelona.org\/es\/politica-de-cookies\/","title":{"rendered":"Pol\u00edtica de Cookies"},"content":{"rendered":"<h1>Pol\u00edtica de Cookies<\/h1>\n<ol>\n<li><strong>INTRODUCCI\u00d3N<\/strong><\/li>\n<\/ol>\n<p>La presente Pol\u00edtica de <em>Cookies<\/em> expone qu\u00e9 son las <em>cookies<\/em>, c\u00f3mo las utiliza el Grup-TLP en su p\u00e1gina web y c\u00f3mo el usuario puede gestionarlas.<\/p>\n<ol start=\"2\">\n<li><strong>\u00bfQU\u00c9 SON LAS <em>COOKIES<\/em>?<\/strong><\/li>\n<\/ol>\n<p>Una <em>cookie<\/em> es un peque\u00f1o archivo de texto que un sitio web, aplicaci\u00f3n u otra plataforma almacena en tu dispositivo o terminal (PC, tableta, m\u00f3vil, etc.) con informaci\u00f3n sobre tu navegaci\u00f3n o uso de contenidos web. Estos archivos que se descargan en el equipo del usuario permiten a las empresas que los utilizan identificar a los usuarios o los dispositivos desde los que acceden al sitio web, conocer su forma de navegar y sus preferencias, con el fin de mejorar su experiencia de navegaci\u00f3n y, en determinados casos, llevar a cabo acciones publicitarias. <\/p>\n<ol start=\"3\">\n<li><strong>\u00bfQU\u00c9 TIPOS DE <em>COOKIES<\/em> EXISTEN?<\/strong><\/li>\n<\/ol>\n<p>Existen distintos aspectos a tener en cuenta para diferenciar la variedad de <em>cookies<\/em> que un sitio web puede utilizar. De forma general, podemos hacer las siguientes distinciones: <\/p>\n<ul>\n<li><strong>En funci\u00f3n de la titularidad de las <em>cookies<\/em>\u00b8<\/strong> podemos distinguir:<\/li>\n<\/ul>\n<ol>\n<li><em>Cookies<\/em> propias: son aquellas que se descargan en el dispositivo del usuario que visita el sitio web desde un equipo o dominio gestionado por el responsable del sitio web que motiva la descarga.<\/li>\n<li><em>Cookies<\/em> de terceros: son aquellas que se descargan en el dispositivo del usuario que visita un sitio web, pero en este caso la gesti\u00f3n de dichas <em>cookies<\/em> no recae en el responsable del sitio web visitado, sino en otra entidad que trata estos datos por cuenta del responsable del sitio web.<\/li>\n<\/ol>\n<ul>\n<li><strong>En funci\u00f3n de la finalidad de las <em>cookies<\/em><\/strong>\u00b8 se pueden clasificar, a grandes rasgos, en:<\/li>\n<\/ul>\n<ol>\n<li><em>Cookies t\u00e9cnicas (estrictamente necesarias):<\/em> permiten al usuario la navegaci\u00f3n dentro del sitio web y la utilizaci\u00f3n de las diferentes opciones o servicios ofrecidos en el mismo. Su finalidad es prestar un servicio al usuario mediante funcionalidades como identificar al usuario para facilitar el acceso a zonas restringidas del sitio web, recordar elementos de un pedido (como el carrito de compra), seleccionar el idioma del sitio web, o adaptar la apariencia del sitio en funci\u00f3n del navegador utilizado, entre otras. Estas <em>cookies<\/em> est\u00e1n exentas de la obligaci\u00f3n de recabar el consentimiento del usuario, siempre que su finalidad sea estrictamente t\u00e9cnica. Por ello, las <em>cookies<\/em> t\u00e9cnicas se descargan por defecto al acceder al sitio web.   <\/li>\n<li><em>Cookies de preferencia o personalizaci\u00f3n:<\/em> permiten recordar informaci\u00f3n para que el usuario acceda al servicio o plataforma con determinadas caracter\u00edsticas que puedan diferenciar su experiencia de navegaci\u00f3n de la de otros usuarios, en funci\u00f3n de las opciones de configuraci\u00f3n y personalizaci\u00f3n ofrecidas por el sitio web. Estas <em>cookies<\/em> tambi\u00e9n est\u00e1n exentas de consentimiento siempre que su finalidad sea estrictamente personalizar la experiencia del usuario en base a sus decisiones expl\u00edcitas. Por lo tanto, una vez realizadas dichas acciones, estas <em>cookies<\/em> se descargan por defecto en el equipo del usuario.  <\/li>\n<li><em>Cookies de an\u00e1lisis: <\/em>permiten cuantificar el n\u00famero de usuarios, las secciones visitadas en la plataforma y c\u00f3mo interact\u00faan los usuarios dentro de la misma, con el fin de analizar y medir estad\u00edsticamente el uso que hacen los usuarios de las funcionalidades del sitio web. Su finalidad es conocer el comportamiento de los usuarios para introducir mejoras que faciliten la navegaci\u00f3n. Estas cookies no est\u00e1n exentas de la obligaci\u00f3n de recabar el consentimiento del usuario.  <\/li>\n<li><em>Cookies de publicidad comportamental:<\/em> almacenan informaci\u00f3n sobre el comportamiento de los usuarios obtenida mediante la observaci\u00f3n continuada de sus h\u00e1bitos de navegaci\u00f3n en otros sitios web. Permiten desarrollar un perfil espec\u00edfico del usuario para mostrar publicidad personalizada, ya sea directamente por el editor del sitio web o mediante colaboraci\u00f3n con terceros. Estas cookies tampoco est\u00e1n exentas de la obligaci\u00f3n de recabar el consentimiento del usuario.  <\/li>\n<\/ol>\n<ul>\n<li><strong>En funci\u00f3n del plazo de activaci\u00f3n<\/strong> podemos distinguir:<\/li>\n<\/ul>\n<ol>\n<li><em>Cookies<\/em> de sesi\u00f3n: est\u00e1n dise\u00f1adas para recabar y almacenar datos mientras el usuario accede a nuestra p\u00e1gina web.<\/li>\n<li><em>Cookies<\/em> persistentes: los datos permanecen almacenados en el dispositivo del usuario y pueden ser accedidos y tratados durante un periodo definido por el responsable de la <em>cookie<\/em>, que puede oscilar entre unos minutos y varios a\u00f1os.<\/li>\n<li><strong>\u00bfQU\u00c9 TIPO DE <em>COOKIES<\/em> UTILIZAMOS EN ESTE SITIO WEB?<\/strong><\/li>\n<\/ol>\n<p><strong><em>Opci\u00f3n A: <\/em><\/strong><\/p>\n<p>Una vez contextualizada la definici\u00f3n y tipolog\u00eda de <em>cookies<\/em> m\u00e1s habituales, se informa a los usuarios de que este portal web utiliza las siguientes <em>cookies<\/em>:<\/p>\n<div class=\"cky-audit-table-element\"><\/div>\n<p>&nbsp;<\/p>\n<ol start=\"5\">\n<li><strong>\u00bfC\u00d3MO PUEDO GESTIONAR LA CONFIGURACI\u00d3N DE LAS <em>COOKIES? <\/em> <\/strong><\/li>\n<\/ol>\n<p>Le informamos que la navegaci\u00f3n en nuestra p\u00e1gina web no requiere necesariamente que el usuario permita la instalaci\u00f3n de cookies, a excepci\u00f3n de las t\u00e9cnicas o necesarias. Sin embargo, es posible que la experiencia de navegaci\u00f3n se vea afectada si se rechazan otras cookies.<br \/>Si desea rechazar la instalaci\u00f3n de cookies o configurar su navegador para bloquearlas y, en su caso, eliminarlas, a continuaci\u00f3n le ofrecemos los enlaces de los principales navegadores donde encontrar\u00e1 la informaci\u00f3n necesaria para gestionar las cookies: <\/p>\n<ul>\n<li><span><a href=\"https:\/\/support.google.com\/chrome\/answer\/95647?hl=es\" target=\"_blank\" rel=\"noopener\"><strong>Google Chrome<\/strong><\/a><\/span><\/li>\n<li><span><a href=\"https:\/\/support.microsoft.com\/es-es\/help\/17442\/windows-internet-explorer-delete-manage-cookies\" target=\"_blank\" rel=\"noopener\"><strong>Internet Explorer<\/strong><\/a><\/span><\/li>\n<li><span><a href=\"https:\/\/support.mozilla.org\/es\/kb\/habilitar-y-deshabilitar-cookies-sitios-web-rastrear-preferencias?redirectlocale=es&amp;redirectslug=habilitar-y-deshabilitar-cookies-que-los-sitios-we\" target=\"_blank\" rel=\"noopener\"><strong>Firefox<\/strong><\/a><\/span><\/li>\n<li><span><a href=\"https:\/\/support.apple.com\/es-mx\/guide\/safari\/sfri11471\/mac\" target=\"_blank\" rel=\"noopener\"><strong>Safari<\/strong><\/a><\/span><\/li>\n<li><span><a href=\"https:\/\/support.apple.com\/es-es\/HT201265\" target=\"_blank\" rel=\"noopener\"><strong>Safari per IOS (iPhone i iPad)<\/strong><\/a><\/span><\/li>\n<li><span><a href=\"https:\/\/support.google.com\/chrome\/answer\/114662?hl=es&amp;visit_id=0-636638030876081276-901759439&amp;rd=1\" target=\"_blank\" rel=\"noopener\"><strong>Google Chrome (Android)<\/strong><\/a><\/span><\/li>\n<\/ul>\n<p>En caso de utilizar otros navegadores, o si las instrucciones anteriores no estuvieran actualizadas, puede consultar la secci\u00f3n \u201cAyuda\u201d de su navegador para obtener informaci\u00f3n sobre c\u00f3mo configurar las cookies en cada caso. <br \/>Tenga en cuenta que, aunque no es obligatoria la instalaci\u00f3n de estas cookies, algunas secciones del sitio web podr\u00edan no funcionar correctamente o resultar m\u00e1s dif\u00edciles de acceder si se rechaza su uso. <\/p>\n<p>Tambi\u00e9n informamos que, como alternativa, muchos navegadores permiten activar un modo privado en el que las cookies se eliminan autom\u00e1ticamente al cerrar la sesi\u00f3n de navegaci\u00f3n. Esta funci\u00f3n puede tener diferentes nombres seg\u00fan el navegador: Inc\u00f3gnito en Google Chrome, InPrivate en Internet Explorer, etc. <\/p>\n<ol start=\"6\">\n<li><strong>CAMBIOS EN LA POL\u00cdTICA DE <em>COOKIES <\/em> <\/strong><\/li>\n<\/ol>\n<p>Es posible que la presente Pol\u00edtica de <em>Cookies<\/em> est\u00e9 sujeta a cambios o modificaciones. Por ello, le animamos a revisarla con frecuencia para estar debidamente informado sobre c\u00f3mo y por qu\u00e9 utilizamos las <em>cookies<\/em>. <\/p>\n<ol start=\"7\">\n<li><strong>CONTACTO<\/strong><\/li>\n<\/ol>\n<p>Para cualquier duda, comentario o sugerencia sobre la Pol\u00edtica de <em>Cookies<\/em>, puede ponerse en contacto con nosotros a trav\u00e9s del siguiente correo electr\u00f3nico: <span><a href=\"mailto:gruptlp@gruptlpbarcelona.org\">gruptlp@gruptlpbarcelona.org<\/a><\/span><\/p>\n<p>&nbsp;<\/p>\n<p><em>\u00daltima versi\u00f3n: 6 de junio de 2025<\/em><\/p>\n<p>&nbsp;<\/p>\n<p>&nbsp;<\/p>\n<p>&nbsp;<\/p>\n","protected":false},"excerpt":{"rendered":"<p>Pol\u00edtica de Cookies INTRODUCCI\u00d3N La presente Pol\u00edtica de Cookies expone qu\u00e9 son las cookies, c\u00f3mo las utiliza el Grup-TLP en su p\u00e1gina web y c\u00f3mo el usuario puede gestionarlas. \u00bfQU\u00c9 SON LAS COOKIES? Una cookie es un peque\u00f1o archivo de texto que un sitio web, aplicaci\u00f3n u otra plataforma almacena en tu dispositivo o terminal&#8230;<\/p>\n","protected":false},"author":5,"featured_media":0,"parent":0,"menu_order":0,"comment_status":"closed","ping_status":"closed","template":"","meta":{"_acf_changed":false,"footnotes":""},"class_list":["post-6340","page","type-page","status-publish","hentry"],"acf":[],"_links":{"self":[{"href":"https:\/\/www.gruptlpbarcelona.org\/es\/wp-json\/wp\/v2\/pages\/6340","targetHints":{"allow":["GET"]}}],"collection":[{"href":"https:\/\/www.gruptlpbarcelona.org\/es\/wp-json\/wp\/v2\/pages"}],"about":[{"href":"https:\/\/www.gruptlpbarcelona.org\/es\/wp-json\/wp\/v2\/types\/page"}],"author":[{"embeddable":true,"href":"https:\/\/www.gruptlpbarcelona.org\/es\/wp-json\/wp\/v2\/users\/5"}],"replies":[{"embeddable":true,"href":"https:\/\/www.gruptlpbarcelona.org\/es\/wp-json\/wp\/v2\/comments?post=6340"}],"version-history":[{"count":0,"href":"https:\/\/www.gruptlpbarcelona.org\/es\/wp-json\/wp\/v2\/pages\/6340\/revisions"}],"wp:attachment":[{"href":"https:\/\/www.gruptlpbarcelona.org\/es\/wp-json\/wp\/v2\/media?parent=6340"}],"curies":[{"name":"wp","href":"https:\/\/api.w.org\/{rel}","templated":true}]}}