{"id":6341,"date":"2018-05-22T12:07:13","date_gmt":"2018-05-22T10:07:13","guid":{"rendered":"https:\/\/www.gruptlpbarcelona.org\/aviso-legal\/"},"modified":"2018-05-22T12:07:13","modified_gmt":"2018-05-22T10:07:13","slug":"aviso-legal","status":"publish","type":"page","link":"https:\/\/www.gruptlpbarcelona.org\/es\/aviso-legal\/","title":{"rendered":"Aviso legal"},"content":{"rendered":"<h1><strong>Aviso Legal<\/strong><\/h1>\n<p>Grup-TLP pone a disposici\u00f3n de los usuarios de Internet el presente documento, cuya finalidad es dar cumplimiento a las obligaciones establecidas en la Ley 34\/2002, de 11 de julio, de Servicios de la Sociedad de la Informaci\u00f3n y del Comercio Electr\u00f3nico (LSSICE) y dem\u00e1s normativa aplicable, as\u00ed como proporcionar informaci\u00f3n sobre las condiciones de uso.<\/p>\n<ol start=\"2\">\n<li><strong>DATOS IDENTIFICATIVOS<\/strong><\/li>\n<\/ol>\n<p>En cumplimiento del deber de informaci\u00f3n regulado en el art. 10 de la LSSICE, se facilitan a continuaci\u00f3n los datos necesarios del titular del sitio web: <\/p>\n<p>Este sitio web es titularidad, por una parte, de la Fundaci\u00f3 Privada CPB Serveis Salut Mental, con domicilio social en calle Mare de D\u00e9u del Coll, n\u00famero 20, 08023 Barcelona, con CIF G67096248, inscrita en el Registro de Fundaciones Privadas de la Generalitat de Catalunya con el n\u00famero 3059; y por otra parte, de la Fundaci\u00f3 Orienta \u2013 Centre d\u2019Higiene Mental, con domicilio social en calle Cardenal Vidal i Barraquer, 28, 08830 Sant Boi de Llobregat, con CIF G61522017, inscrita en el Registro de Fundaciones Privadas de la Generalitat de Catalunya con el n\u00famero 1168.<\/p>\n<p>El Grup-TLP pone a disposici\u00f3n de los usuarios esta p\u00e1gina web con el objetivo de que puedan conocer mejor su labor y servicios, y ponerse en contacto con la entidad.<\/p>\n<ol start=\"3\">\n<li><strong>OBJETO Y \u00c1MBITO DE APLICACI\u00d3N<\/strong><\/li>\n<\/ol>\n<p>Las presentes condiciones generales de uso del Sitio Web (en adelante, las \u201cCondiciones de uso\u201d) constituyen, junto con la<u> Pol\u00edtica de Privacidad<\/u> y la <u>Pol\u00edtica de Cookies,<\/u> el conjunto de normas que regulan el uso del sitio web, as\u00ed como la relaci\u00f3n entre Grup-TLP y los usuarios. Las presentes Condiciones de Uso regulan espec\u00edficamente las normas a respetar y cumplir al navegar por el sitio web. Se recomienda al usuario leer detenidamente estas Condiciones antes de navegar por \u00e9l. <\/p>\n<p>Las Condiciones de Uso estar\u00e1n siempre disponibles para los usuarios en la web en catal\u00e1n, para su consulta, archivo o impresi\u00f3n cuando lo deseen.<\/p>\n<p>Tanto estas Condiciones de Uso como la <u>Pol\u00edtica de Privacidad <\/u>y la <u>Pol\u00edtica de Cookies<\/u> han sido redactadas conforme a la normativa vigente en materia de Internet, consumidores y usuarios, comercio electr\u00f3nico y protecci\u00f3n de datos, incluyendo, entre otras, la Ley 34\/2002 de Servicios de la Sociedad de la Informaci\u00f3n y de Comercio Electr\u00f3nico; la Ley Org\u00e1nica 3\/2018, de Protecci\u00f3n de Datos Personales y garant\u00eda de los derechos digitales; y el Reglamento (UE) 2016\/679 del Parlamento Europeo y del Consejo, de 27 de abril.  <\/p>\n<ol start=\"4\">\n<li><strong>ACCESO AL SITIO WEB POR PARTE DE LOS USUARIOS<\/strong><\/li>\n<\/ol>\n<p>Toda persona, f\u00edsica o jur\u00eddica, que acceda, navegue, utilice o participe en los servicios y actividades, gratuitos u onerosos, desarrollados a trav\u00e9s de este sitio web adquiere la condici\u00f3n de USUARIO, y por tanto se compromete al cumplimiento riguroso de lo dispuesto en este documento, as\u00ed como de cualquier otra disposici\u00f3n legal que fuera aplicable, comprometi\u00e9ndose a hacer un uso correcto del sitio web. El usuario responder\u00e1 frente a Grup-TLP o frente a terceros de los da\u00f1os y perjuicios que pudieran derivarse del incumplimiento de dicha obligaci\u00f3n. <\/p>\n<p>El Usuario puede navegar libremente por el sitio web y acceder a \u00e9l cuantas veces lo desee. El acceso es gratuito, salvo en lo relativo al coste de la conexi\u00f3n a trav\u00e9s de la red de telecomunicaciones del proveedor de acceso contratado por el Usuario. <\/p>\n<ol start=\"5\">\n<li><strong>CONDICIONES DE USO DEL SITIO WEB<\/strong><\/li>\n<\/ol>\n<p>Estas condiciones regulan la relaci\u00f3n entre Grup-TLP como prestador del servicio y los usuarios que acceden, navegan y utilizan el sitio web.<\/p>\n<p>Como Usuario, se compromete a utilizar el sitio conforme a estas Condiciones de Uso, la buena fe y la legislaci\u00f3n vigente. Est\u00e1 terminantemente prohibido el uso fraudulento, abusivo, il\u00edcito o contrario a la buena fe. Grup-TLP no asumir\u00e1 responsabilidad alguna por el incumplimiento de estas condiciones.  <\/p>\n<p><em>En todo caso, el Usuario deber\u00e1 abstenerse de:<\/em><\/p>\n<ol>\n<li>Reproducir, distribuir, comunicar p\u00fablicamente, transformar o modificar el sitio web o sus contenidos, incluidas las presentes Condiciones de Uso, independientemente de la finalizaci\u00f3n de este uso, sin autorizaci\u00f3n previa y por escrito del Grup-TLP.<\/li>\n<li>Introducir en el Sitio web o en su red, programas de datos susceptibles de provocar da\u00f1os en los sistemas inform\u00e1ticos del Grup-TLP, sus proveedores o terceros.<\/li>\n<li>Realizar cualquier tipo de actividad il\u00edcita, fraudulenta, contraria a las presentes Condiciones de Uso, la legislaci\u00f3n vigente y\/o la buena fe o que impida y\/o dificulte la correcta utilizaci\u00f3n del Sitio web o de sus contenidos.<\/li>\n<li>Insertar en p\u00e1ginas web, plataformas, forums, chats, blogs o redes sociales ajenas a cualquier tipo de enlace o v\u00ednculo que permita vincular o reproducir el Sitio web o los contenidos del mismo con estas webs, plataformas, forums, chats, blogs o redes sociales ajenas excepto si el enlace \u00fanicamente vincula directamente a la p\u00e1gina princial del Sitio web que pueda reproducirlo de ningua manera.<\/li>\n<li>Vincular o reproducir el Sitio web o sus contenidos desde webs, plataformas, forums, chats, blogs o redes sociales ajenas que sean contrarias a la ley, ofensivas o atemptaorias contra la dignidad humana, los derechos fundamentales o la propia empresa y\/o sean susceptibles de ser consideradas como declives.<\/li>\n<li>Introducir y\/o difundir en el Sitio web contenidos que atenten contra los derechos humanos y la dignidad de las personas como por ejemplo contenido racista, xen\u00f3fobo, pornogr\u00e1fico o que suponga apolog\u00eda del terrorismo.<\/li>\n<\/ol>\n<p>&nbsp;<\/p>\n<ol start=\"6\">\n<li><strong>PROTECCI\u00d3N DE DATOS PERSONALES Y <em>COOKIES<\/em><\/strong><\/li>\n<\/ol>\n<p>Tal como establece nuestra Pol\u00edtica de Privacidad, Grup-TLP se compromete a tratar los datos de los Usuarios respetando siempre su confidencialidad y a utilizarlos de acuerdo con las finalidades para las que han sido recabados, as\u00ed como a cumplir con su obligaci\u00f3n de conservarlos y adoptar todas las medidas necesarias para evitar su alteraci\u00f3n, p\u00e9rdida, tratamiento o acceso por parte de terceros no autorizados, conforme a lo establecido en la legislaci\u00f3n vigente en materia de protecci\u00f3n de datos de car\u00e1cter personal. En concreto, se compromete a aplicar lo dispuesto en la Ley Org\u00e1nica 3\/2018, de 5 de diciembre, de Protecci\u00f3n de Datos Personales y garant\u00eda de los derechos digitales, y en el Reglamento (UE) 2016\/679 del Parlamento Europeo y del Consejo, de 27 de abril de 2016. <\/p>\n<p>Para saber m\u00e1s sobre c\u00f3mo tratamos sus datos de car\u00e1cter personal, por favor lea nuestra <u>Pol\u00edtica de Privacidad y<\/u> nuestra <u>Pol\u00edtica de Cookies.<\/u><\/p>\n<ol start=\"7\">\n<li><strong>R\u00c9GIMEN DE RESPONSABILIDADES<\/strong><\/li>\n<\/ol>\n<p>El Usuario deber\u00e1 utilizar el Sitio web y sus contenidos conforme a lo establecido en las presentes Condiciones de Uso, la legislaci\u00f3n vigente y la buena fe. Queda expresamente prohibido cualquier uso del Sitio web o de sus contenidos contrario a las presentes Condiciones de Uso, a la ley o a la buena fe, independientemente de si dicho uso tiene o no finalidad econ\u00f3mica. <\/p>\n<p>El Usuario ser\u00e1 responsable de cualquier da\u00f1o o perjuicio causado a Grup-TLP o a terceros derivado directa o indirectamente de cualquier uso que el Usuario haga del Sitio web o de sus contenidos contrario a las presentes Condiciones de Uso, a la ley, la moral, el orden p\u00fablico o la buena fe.<\/p>\n<p>Con el objetivo de que el Sitio web y sus contenidos est\u00e9n accesibles para el Usuario, Grup-TLP requiere de servicios proporcionados por terceros. Es posible que, a pesar de los esfuerzos realizados por Grup-TLP para mantener el Sitio web disponible y accesible para los Usuarios, su disponibilidad pueda verse suspendida, interrumpida o cancelada por causas ajenas a Grup-TLP. Por ello, Grup-TLP no garantiza la inexistencia de interrupciones o errores en el acceso al Sitio web o a sus contenidos, ni que estos se encuentren actualizados o se muestren siempre en su \u00faltima versi\u00f3n. En consecuencia, Grup-TLP declina toda responsabilidad por los da\u00f1os o perjuicios que puedan derivarse para el Usuario o terceros como consecuencia de la suspensi\u00f3n, interrupci\u00f3n, falta de continuidad, ca\u00edda de red o desconexi\u00f3n del Sitio web.   <\/p>\n<p>En ning\u00fan caso responder\u00e1 Grup-TLP por los da\u00f1os o perjuicios derivados para el Usuario por causas no imputables a Grup-TLP, tales como, a t\u00edtulo enunciativo y en ning\u00fan caso limitativo, cat\u00e1strofes naturales, situaciones de fuerza mayor o urgencia extrema, virus, componentes nocivos, mal funcionamiento del navegador, ca\u00eddas de red, intrusiones inform\u00e1ticas o ataques de terceros.<\/p>\n<ol start=\"8\">\n<li><strong>PROPIEDAD INTELECTUAL E INDUSTRIAL<\/strong><\/li>\n<\/ol>\n<p>Todos los contenidos del sitio web, entre otros, textos, fotograf\u00edas, gr\u00e1ficos, im\u00e1genes, iconos, tecnolog\u00eda, software, enlaces y otros contenidos audiovisuales, as\u00ed como su dise\u00f1o gr\u00e1fico y c\u00f3digos fuente, constituyen una obra cuya propiedad pertenece a Grup-TLP, sin que puedan entenderse cedidos al usuario ninguno de los derechos de explotaci\u00f3n sobre los mismos m\u00e1s all\u00e1 de lo estrictamente necesario para el correcto uso del sitio web, independientemente de que sean o no susceptibles de propiedad intelectual.<\/p>\n<p>Asimismo, todas las marcas, nombres comerciales o signos distintivos de cualquier clase que aparecen en el sitio web son propiedad de Grup-TLP, sin que pueda entenderse que el uso o acceso al mismo atribuya al usuario ning\u00fan derecho sobre ellos.<\/p>\n<p>Queda prohibida la reproducci\u00f3 total o parcial, explotaci\u00f3, distribuci\u00f3, modificaci\u00f3, cessi\u00f3 o comunicaci\u00f3 p\u00fablica dels continguts i qualsevol altre acte que no hagi estat expressament autoritzat pel titular dels drets d&#8217;explotaci\u00f3. Qualsevol \u00fas no autoritzat pr\u00e8viament es considera un incompliment greu dels drets de propietat intel\u00b7lectual o industrial de l&#8217;autor. <\/p>\n<p>Para realizar cualquier tipo de observaci\u00f3n respecto a posibles incumplimientos de los derechos de propiedad intelectual o industrial, as\u00ed como sobre cualquiera de los contenidos del sitio web, el usuario deber\u00e1 notificar dicha circunstancia a Grup-TLP, adjuntando la informaci\u00f3n pertinente.<\/p>\n<p>En qualsevol cas, el Grup-TLP no assumeix cap responsabilitat respecte dels drets de propietat intel\u00b7lectual o industrial titularitat de tercers que es vegin infringits per un tercer o per l&#8217;usuari.<\/p>\n<ol start=\"9\">\n<li><strong>ENLACES<\/strong><\/li>\n<\/ol>\n<p>El sitio web de Grup-TLP puede contener enlaces o v\u00ednculos a otros sitios de Internet sobre los cuales no ejerce ning\u00fan tipo de control. Por tanto, una vez el usuario acceda a los enlaces de terceros y abandone el sitio web, tanto el presente Aviso Legal como la Pol\u00edtica de Privacidad y la Pol\u00edtica de Cookies dejar\u00e1n de tener efecto, ya que los sitios web a los que acceda el usuario est\u00e1n sujetos a sus propias pol\u00edticas. <\/p>\n<p>Grup-TLP no puede asumir ninguna responsabilidad por el contenido que pueda aparecer en p\u00e1ginas de terceros, ni garantiza la disponibilidad t\u00e9cnica, calidad, fiabilidad, exactitud, amplitud, veracidad, validez y constitucionalidad de cualquier material o informaci\u00f3n contenida en ninguno de dichos enlaces o v\u00ednculos. Asimismo, la inclusi\u00f3n de estas conexiones externas a sitios web ajenos no implica ning\u00fan tipo de asociaci\u00f3n, fusi\u00f3n o participaci\u00f3n con las entidades conectadas. <\/p>\n<ol start=\"10\">\n<li><strong>ATENCI\u00d3N AL USUARIO<\/strong><\/li>\n<\/ol>\n<p>Grup-TLP pone a disposici\u00f3n de los Usuarios el formulario de contacto a trav\u00e9s del Sitio web y la direcci\u00f3n de correo electr\u00f3nico <span><a href=\"mailto:gruptlp@gruptlpbarcelona.org\">gruptlp@gruptlpbarcelona.org<\/a><\/span> para que puedan ponerse en contacto y resolver cualquier problema o duda que tengan.<\/p>\n<ol start=\"11\">\n<li><strong>JURISDICCI\u00d3N Y LEY APLICABLE <\/strong><\/li>\n<\/ol>\n<p>Las presentes Condiciones de Uso, junto con la <u>Pol\u00edtica de Privacidad <\/u>y la <u>Pol\u00edtica de Cookies<\/u>, se rigen por la normativa espa\u00f1ola vigente en cada momento. En caso de controversia, ambas partes se someter\u00e1n para la resoluci\u00f3n de los conflictos a la jurisdicci\u00f3n que corresponda al Usuario seg\u00fan la normativa aplicable. <\/p>\n<p><strong> <\/strong><\/p>\n<p><strong><em>\u00daltima versi\u00f3n: [&#8230;] de [&#8230;] del [&#8230;]<\/em><\/strong><\/p>\n<p>&nbsp;<\/p>\n<p>&nbsp;<\/p>\n<p>&nbsp;<\/p>\n<p>&nbsp;<\/p>\n","protected":false},"excerpt":{"rendered":"<p>Aviso Legal Grup-TLP pone a disposici\u00f3n de los usuarios de Internet el presente documento, cuya finalidad es dar cumplimiento a las obligaciones establecidas en la Ley 34\/2002, de 11 de julio, de Servicios de la Sociedad de la Informaci\u00f3n y del Comercio Electr\u00f3nico (LSSICE) y dem\u00e1s normativa aplicable, as\u00ed como proporcionar informaci\u00f3n sobre las condiciones&#8230;<\/p>\n","protected":false},"author":5,"featured_media":0,"parent":0,"menu_order":0,"comment_status":"closed","ping_status":"closed","template":"","meta":{"_acf_changed":false,"footnotes":""},"class_list":["post-6341","page","type-page","status-publish","hentry"],"acf":[],"_links":{"self":[{"href":"https:\/\/www.gruptlpbarcelona.org\/es\/wp-json\/wp\/v2\/pages\/6341","targetHints":{"allow":["GET"]}}],"collection":[{"href":"https:\/\/www.gruptlpbarcelona.org\/es\/wp-json\/wp\/v2\/pages"}],"about":[{"href":"https:\/\/www.gruptlpbarcelona.org\/es\/wp-json\/wp\/v2\/types\/page"}],"author":[{"embeddable":true,"href":"https:\/\/www.gruptlpbarcelona.org\/es\/wp-json\/wp\/v2\/users\/5"}],"replies":[{"embeddable":true,"href":"https:\/\/www.gruptlpbarcelona.org\/es\/wp-json\/wp\/v2\/comments?post=6341"}],"version-history":[{"count":0,"href":"https:\/\/www.gruptlpbarcelona.org\/es\/wp-json\/wp\/v2\/pages\/6341\/revisions"}],"wp:attachment":[{"href":"https:\/\/www.gruptlpbarcelona.org\/es\/wp-json\/wp\/v2\/media?parent=6341"}],"curies":[{"name":"wp","href":"https:\/\/api.w.org\/{rel}","templated":true}]}}