{"id":7319,"date":"2026-03-04T08:28:12","date_gmt":"2026-03-04T07:28:12","guid":{"rendered":"https:\/\/www.gruptlpbarcelona.org\/producte\/relaciones-afectivosexuales-e-identidad-de-genero-en-los-trastornos-de-la-personalidad\/"},"modified":"2026-05-07T10:09:08","modified_gmt":"2026-05-07T08:09:08","slug":"relaciones-afectivosexuales-e-identidad-de-genero-en-los-trastornos-de-la-personalidad","status":"publish","type":"product","link":"https:\/\/www.gruptlpbarcelona.org\/es\/producte\/relaciones-afectivosexuales-e-identidad-de-genero-en-los-trastornos-de-la-personalidad\/","title":{"rendered":"Relaciones afectivosexuales e identidad de g\u00e9nero en los Trastornos de la Personalidad"},"content":{"rendered":"<section class=\"l-section wpb_row height_medium width_full\"><div class=\"l-section-h i-cf\"><div class=\"g-cols vc_row via_grid cols_1 laptops-cols_inherit tablets-cols_inherit mobiles-cols_1 valign_top type_default stacking_default\"><div class=\"wpb_column vc_column_container\"><div class=\"vc_column-inner\"><div class=\"w-text us_custom_2abe5fb6 has_text_color icon_atleft\"><span class=\"w-text-h\"><i class=\"far fa-graduation-cap\"><\/i><span class=\"w-text-value\">Descuento 50% para estudiantes. Precio reducido: 75\u20ac<\/span><\/span><\/div><div class=\"w-separator size_small\"><\/div><div class=\"w-text us_custom_2abe5fb6 has_text_color icon_atleft\"><span class=\"w-text-h\"><i class=\"far fa-store\"><\/i><span class=\"w-text-value\">Si se hace la compra de m\u00e1s de una entrada, es necesario indicar en la caja de observaciones el nombre y los apellidos de todas las persons que asistir\u00e1n.<\/span><\/span><\/div><div class=\"w-separator size_small\"><\/div><div class=\"wpb_text_column\"><div class=\"wpb_wrapper\"><section class=\"text-token-text-primary w-full focus:outline-none &#091;--shadow-height:45px&#093; has-data-writing-block:pointer-events-none has-data-writing-block:-mt-(--shadow-height) has-data-writing-block:pt-(--shadow-height) &#091;&amp;:has(&#091;data-writing-block&#093;)&gt;*&#093;:pointer-events-auto scroll-mt-(--header-height)\" dir=\"auto\" data-turn-id=\"69bc12d7-f29e-4d1a-b47a-375ea8023010\" data-testid=\"conversation-turn-5\" data-scroll-anchor=\"false\" data-turn=\"user\"><\/section>\n<section class=\"text-token-text-primary w-full focus:outline-none &#091;--shadow-height:45px&#093; has-data-writing-block:pointer-events-none has-data-writing-block:-mt-(--shadow-height) has-data-writing-block:pt-(--shadow-height) &#091;&amp;:has(&#091;data-writing-block&#093;)&gt;*&#093;:pointer-events-auto scroll-mt-&#091;calc(var(--header-height)+min(200px,max(70px,20svh)))&#093;\" dir=\"auto\" data-turn-id=\"request-WEB:3766d56a-a4ed-40c1-ba4e-ee1fc9624202-2\" data-testid=\"conversation-turn-6\" data-scroll-anchor=\"true\" data-turn=\"assistant\">\n<div class=\"text-base my-auto mx-auto pb-10 &#091;--thread-content-margin:var(--thread-content-margin-xs,calc(var(--spacing)*4))&#093; @w-sm\/main:&#091;--thread-content-margin:var(--thread-content-margin-sm,calc(var(--spacing)*6))&#093; @w-lg\/main:&#091;--thread-content-margin:var(--thread-content-margin-lg,calc(var(--spacing)*16))&#093; px-(--thread-content-margin)\">\n<div class=\"&#091;--thread-content-max-width:40rem&#093; @w-lg\/main:&#091;--thread-content-max-width:48rem&#093; mx-auto max-w-(--thread-content-max-width) flex-1 group\/turn-messages focus-visible:outline-hidden relative flex w-full min-w-0 flex-col agent-turn\">\n<div class=\"flex max-w-full flex-col gap-4 grow\">\n<div class=\"min-h-8 text-message relative flex w-full flex-col items-end gap-2 text-start break-words whitespace-normal outline-none keyboard-focused:focus-ring &#091;.text-message+&amp;&#093;:mt-1\" dir=\"auto\" tabindex=\"0\" data-message-author-role=\"assistant\" data-message-id=\"da010e61-4080-4aad-b407-c4b1e10de436\" data-message-model-slug=\"gpt-5-3\" data-turn-start-message=\"true\">\n<div class=\"flex w-full flex-col gap-1 empty:hidden\">\n<div class=\"markdown prose dark:prose-invert w-full wrap-break-word light markdown-new-styling\">\n<p data-start=\"83\" data-end=\"374\">Una jornada dedicada a las relaciones afectivosexuales y la identidad de g\u00e9nero en los Trastornos de la Personalidad, con ponentes de referencia como Jos\u00e9 Luis Carrasco, Stephan Doering y Marcus Evans, y mesas redondas con la participaci\u00f3n de Neri Daurella, Marc Ferrer y Francesc Maestre.<\/p>\n<p data-start=\"376\" data-end=\"574\">El programa contar\u00e1 tambi\u00e9n con la participaci\u00f3n de moderadores y moderadoras del <strong data-start=\"455\" data-end=\"477\">Grup-TLP Barcelona<\/strong>, entre ellos y ellas <strong data-start=\"490\" data-end=\"573\">Joan Vegu\u00e9, Brenda Tarragona, Maria Jes\u00fas Rufat, Teresa Ribalta y<\/strong><strong data-start=\"490\" data-end=\"573\"> Nat\u00e0lia Calvo<\/strong>.<\/p>\n<p data-start=\"576\" data-end=\"722\"><strong data-start=\"579\" data-end=\"588\">\ud83d\udcc5 Fecha:<\/strong> Viernes 29 de mayo de 2026<\/p>\n<p data-start=\"576\" data-end=\"722\"><strong data-start=\"623\" data-end=\"634\">\ud83d\udcbb Modalidad:<\/strong> h\u00edbrida (presencial y streaming)<\/p>\n<p data-start=\"576\" data-end=\"722\"><strong>\ud83d\udccd Ubicaci\u00f3n: <\/strong>Col\u00b7legi de Metges de Barcelona <a href=\"https:\/\/maps.app.goo.gl\/uFbFuDvHbGc124rD9\" target=\"_blank\" rel=\"noopener\">(Pg. de la Bonanova, 47, Sarri\u00e0-Sant Gervasi, 08017 Barcelona)<\/a><\/p>\n<p data-start=\"576\" data-end=\"722\"><strong data-start=\"672\" data-end=\"722\">\ud83c\udf10 Habr\u00e1 servicio de traducci\u00f3n simult\u00e1nea<\/strong> (espa\u00f1ol-ingl\u00e9s y ingl\u00e9s-espa\u00f1ol)<\/p>\n<p data-start=\"724\" data-end=\"890\">*Inscripciones hasta el <strong>26 de mayo de 2026.<\/strong><br data-start=\"761\" data-end=\"764\" \/>*Cancelaciones o cambios de modalidad hasta el <strong>26 de mayo de 2026<\/strong> (no se efectuar\u00e1n cambios ni devoluciones despu\u00e9s de esta fecha).<\/p>\n<p data-start=\"892\" data-end=\"971\">Te esperamos para compartir conocimiento, reflexi\u00f3n cl\u00ednica y di\u00e1logo profesional.<\/p>\n<p data-start=\"973\" data-end=\"1004\" data-is-last-node=\"\" data-is-only-node=\"\">Para m\u00e1s informaci\u00f3n, consulta el <a href=\"https:\/\/www.gruptlpbarcelona.org\/wp-content\/uploads\/2026\/05\/Programa-Jornada-Grup-TLP_ESPANOL.pdf\" target=\"_blank\" rel=\"noopener\">programa<\/a>.<\/p>\n<\/div>\n<\/div>\n<\/div>\n<\/div>\n<\/div>\n<\/div>\n<\/section>\n<\/div><\/div><\/div><\/div><\/div><\/div><\/section>\n","protected":false},"excerpt":{"rendered":"Descuento 50% para estudiantes. Precio reducido: 75\u20acSi se hace la compra de m\u00e1s de una entrada, es necesario indicar en la caja de observaciones el nombre y los apellidos de todas las persons que asistir\u00e1n. Una jornada dedicada a las relaciones afectivosexuales y la identidad de g\u00e9nero en los Trastornos de la Personalidad, con ponentes...","protected":false},"featured_media":7636,"template":"","meta":{"_acf_changed":false},"product_brand":[],"product_cat":[236],"product_tag":[],"class_list":{"0":"post-7319","1":"product","2":"type-product","3":"status-publish","4":"has-post-thumbnail","6":"product_cat-jornada","8":"first","9":"instock","10":"purchasable","11":"product-type-variable"},"acf":[],"_links":{"self":[{"href":"https:\/\/www.gruptlpbarcelona.org\/es\/wp-json\/wp\/v2\/product\/7319","targetHints":{"allow":["GET"]}}],"collection":[{"href":"https:\/\/www.gruptlpbarcelona.org\/es\/wp-json\/wp\/v2\/product"}],"about":[{"href":"https:\/\/www.gruptlpbarcelona.org\/es\/wp-json\/wp\/v2\/types\/product"}],"wp:featuredmedia":[{"embeddable":true,"href":"https:\/\/www.gruptlpbarcelona.org\/es\/wp-json\/wp\/v2\/media\/7636"}],"wp:attachment":[{"href":"https:\/\/www.gruptlpbarcelona.org\/es\/wp-json\/wp\/v2\/media?parent=7319"}],"wp:term":[{"taxonomy":"product_brand","embeddable":true,"href":"https:\/\/www.gruptlpbarcelona.org\/es\/wp-json\/wp\/v2\/product_brand?post=7319"},{"taxonomy":"product_cat","embeddable":true,"href":"https:\/\/www.gruptlpbarcelona.org\/es\/wp-json\/wp\/v2\/product_cat?post=7319"},{"taxonomy":"product_tag","embeddable":true,"href":"https:\/\/www.gruptlpbarcelona.org\/es\/wp-json\/wp\/v2\/product_tag?post=7319"}],"curies":[{"name":"wp","href":"https:\/\/api.w.org\/{rel}","templated":true}]}}