{"id":7389,"date":"2026-03-18T13:43:19","date_gmt":"2026-03-18T12:43:19","guid":{"rendered":"https:\/\/www.gruptlpbarcelona.org\/?post_type=product&#038;p=7389"},"modified":"2026-03-19T13:57:46","modified_gmt":"2026-03-19T12:57:46","slug":"terapia-focalizada-en-la-transferencia-grupal-tfp-g-un-modelo-para-el-abordaje-de-los-trastornos-de-la-personalidad-en-dispositivos-publicos","status":"publish","type":"product","link":"https:\/\/www.gruptlpbarcelona.org\/es\/producte\/terapia-focalizada-en-la-transferencia-grupal-tfp-g-un-modelo-para-el-abordaje-de-los-trastornos-de-la-personalidad-en-dispositivos-publicos\/","title":{"rendered":"Terapia Focalizada en la Transferencia Grupal (TFP-G): un modelo para el abordaje de los Trastornos de la Personalidad en dispositivos p\u00fablicos"},"content":{"rendered":"<section class=\"l-section wpb_row height_medium\"><div class=\"l-section-h i-cf\"><div class=\"g-cols vc_row via_grid cols_1 laptops-cols_inherit tablets-cols_inherit mobiles-cols_1 valign_top type_default stacking_default\"><div class=\"wpb_column vc_column_container\"><div class=\"vc_column-inner\"><div class=\"wpb_text_column\"><div class=\"wpb_wrapper\"><p>Para poder beneficiarse del descuento para residentes y estudiantes de grado del \u00e1mbito de la salud, la educaci\u00f3n y el \u00e1rea social, es necesario enviar un correo electr\u00f3nico a <a href=\"mailto:formacio@gruptlpbarcelona.org\">formacio@gruptlpbarcelona.org <\/a><span> adjuntando la documentaci\u00f3n acreditativa. La documentaci\u00f3n debe estar vigente y permitir verificar la condici\u00f3n de residente o estudiante en el momento de la solicitud. En un plazo m\u00e1ximo de 72 horas laborables, validaremos la documentaci\u00f3n y recibir\u00e1 un c\u00f3digo para poder aplicar el descuento.  <\/span><\/p>\n<\/div><\/div><div class=\"w-separator size_medium\"><\/div><div class=\"wpb_text_column\"><div class=\"wpb_wrapper\"><p><span>Esta sesi\u00f3n monogr\u00e1fica aborda la relaci\u00f3n entre el Trastorno L\u00edmite de la Personalidad (TLP) y el Trastorno del Espectro Autista (TEA). En los \u00faltimos a\u00f1os, el TEA ha ido ganando protagonismo gracias a una definici\u00f3n m\u00e1s precisa y a una mejor comprensi\u00f3n de este importante trastorno del neurodesarrollo. A pesar de estos avances, a\u00fan existen numerosas \u00e1reas de conocimiento por explorar, especialmente en lo que respecta a la interacci\u00f3n entre el TEA y otros trastornos del desarrollo, como los trastornos de la personalidad en general, y el TLP en particular. Esta sesi\u00f3n tiene como objetivo profundizar en estas posibles interacciones y aportar elementos de reflexi\u00f3n cl\u00ednica para una mejor comprensi\u00f3n diagn\u00f3stica y terap\u00e9utica.   <\/span><\/p>\n<\/div><\/div><\/div><\/div><\/div><\/div><\/section>\n","protected":false},"excerpt":{"rendered":"Para poder beneficiarse del descuento para residentes y estudiantes de grado del \u00e1mbito de la salud, la educaci\u00f3n y el \u00e1rea social, es necesario enviar un correo electr\u00f3nico a formacio@gruptlpbarcelona.org adjuntando la documentaci\u00f3n acreditativa. La documentaci\u00f3n debe estar vigente y permitir verificar la condici\u00f3n de residente o estudiante en el momento de la solicitud. En...","protected":false},"featured_media":6261,"template":"","meta":{"_acf_changed":false},"product_brand":[],"product_cat":[237],"product_tag":[],"class_list":{"0":"post-7389","1":"product","2":"type-product","3":"status-publish","4":"has-post-thumbnail","6":"product_cat-seminarios","8":"first","9":"outofstock","10":"sold-individually","11":"taxable","12":"shipping-taxable","13":"purchasable","14":"product-type-simple"},"acf":[],"_links":{"self":[{"href":"https:\/\/www.gruptlpbarcelona.org\/es\/wp-json\/wp\/v2\/product\/7389","targetHints":{"allow":["GET"]}}],"collection":[{"href":"https:\/\/www.gruptlpbarcelona.org\/es\/wp-json\/wp\/v2\/product"}],"about":[{"href":"https:\/\/www.gruptlpbarcelona.org\/es\/wp-json\/wp\/v2\/types\/product"}],"wp:featuredmedia":[{"embeddable":true,"href":"https:\/\/www.gruptlpbarcelona.org\/es\/wp-json\/wp\/v2\/media\/6261"}],"wp:attachment":[{"href":"https:\/\/www.gruptlpbarcelona.org\/es\/wp-json\/wp\/v2\/media?parent=7389"}],"wp:term":[{"taxonomy":"product_brand","embeddable":true,"href":"https:\/\/www.gruptlpbarcelona.org\/es\/wp-json\/wp\/v2\/product_brand?post=7389"},{"taxonomy":"product_cat","embeddable":true,"href":"https:\/\/www.gruptlpbarcelona.org\/es\/wp-json\/wp\/v2\/product_cat?post=7389"},{"taxonomy":"product_tag","embeddable":true,"href":"https:\/\/www.gruptlpbarcelona.org\/es\/wp-json\/wp\/v2\/product_tag?post=7389"}],"curies":[{"name":"wp","href":"https:\/\/api.w.org\/{rel}","templated":true}]}}