{"id":7500,"date":"2026-03-19T12:44:46","date_gmt":"2026-03-19T11:44:46","guid":{"rendered":"https:\/\/www.gruptlpbarcelona.org\/?post_type=product&#038;p=7500"},"modified":"2026-03-27T09:17:53","modified_gmt":"2026-03-27T08:17:53","slug":"como-hacer-posible-el-tratamiento-del-tlp-encuadre-y-vinculo-terapeutico-copia","status":"publish","type":"product","link":"https:\/\/www.gruptlpbarcelona.org\/es\/producte\/como-hacer-posible-el-tratamiento-del-tlp-encuadre-y-vinculo-terapeutico-copia\/","title":{"rendered":"Cuando el sistema colapsa: entender y regular el TLP"},"content":{"rendered":"<section class=\"l-section wpb_row height_medium\"><div class=\"l-section-h i-cf\"><div class=\"g-cols vc_row via_grid cols_1 laptops-cols_inherit tablets-cols_inherit mobiles-cols_1 valign_top type_default stacking_default\"><div class=\"wpb_column vc_column_container\"><div class=\"vc_column-inner\"><div class=\"wpb_text_column\"><div class=\"wpb_wrapper\"><p>Esta formaci\u00f3n propone profundizar en la comprensi\u00f3n del Trastorno L\u00edmite de la Personalidad desde una perspectiva cl\u00ednica y aplicada. Se explorar\u00e1 el modelo GPM como marco para entender la desorganizaci\u00f3n del sistema emocional en el TLP y su impacto en el funcionamiento interpersonal. Tambi\u00e9n se abordar\u00e1 el concepto de ventana de tolerancia, diferenciando los estados de hiperactivaci\u00f3n e hipoactivaci\u00f3n y su expresi\u00f3n en la pr\u00e1ctica cl\u00ednica. A partir de ello, se reflexionar\u00e1 sobre estrategias de intervenci\u00f3n orientadas a ayudar al sistema a volver a rango, generando adem\u00e1s un espacio de debate cl\u00ednico basado en casos y experiencia profesional compartida.<\/p>\n<\/div><\/div><\/div><\/div><\/div><\/div><\/section>\n","protected":false},"excerpt":{"rendered":"Esta formaci\u00f3n propone profundizar en la comprensi\u00f3n del Trastorno L\u00edmite de la Personalidad desde una perspectiva cl\u00ednica y aplicada. Se explorar\u00e1 el modelo GPM como marco para entender la desorganizaci\u00f3n del sistema emocional en el TLP y su impacto en el funcionamiento interpersonal. Tambi\u00e9n se abordar\u00e1 el concepto de ventana de tolerancia, diferenciando los estados...","protected":false},"featured_media":7504,"template":"","meta":{"_acf_changed":false},"product_brand":[],"product_cat":[239],"product_tag":[],"class_list":{"0":"post-7500","1":"product","2":"type-product","3":"status-publish","4":"has-post-thumbnail","6":"product_cat-sesiones-monograficas","8":"first","9":"instock","10":"sold-individually","11":"taxable","12":"shipping-taxable","13":"purchasable","14":"product-type-simple"},"acf":[],"_links":{"self":[{"href":"https:\/\/www.gruptlpbarcelona.org\/es\/wp-json\/wp\/v2\/product\/7500","targetHints":{"allow":["GET"]}}],"collection":[{"href":"https:\/\/www.gruptlpbarcelona.org\/es\/wp-json\/wp\/v2\/product"}],"about":[{"href":"https:\/\/www.gruptlpbarcelona.org\/es\/wp-json\/wp\/v2\/types\/product"}],"wp:featuredmedia":[{"embeddable":true,"href":"https:\/\/www.gruptlpbarcelona.org\/es\/wp-json\/wp\/v2\/media\/7504"}],"wp:attachment":[{"href":"https:\/\/www.gruptlpbarcelona.org\/es\/wp-json\/wp\/v2\/media?parent=7500"}],"wp:term":[{"taxonomy":"product_brand","embeddable":true,"href":"https:\/\/www.gruptlpbarcelona.org\/es\/wp-json\/wp\/v2\/product_brand?post=7500"},{"taxonomy":"product_cat","embeddable":true,"href":"https:\/\/www.gruptlpbarcelona.org\/es\/wp-json\/wp\/v2\/product_cat?post=7500"},{"taxonomy":"product_tag","embeddable":true,"href":"https:\/\/www.gruptlpbarcelona.org\/es\/wp-json\/wp\/v2\/product_tag?post=7500"}],"curies":[{"name":"wp","href":"https:\/\/api.w.org\/{rel}","templated":true}]}}