{"id":7506,"date":"2026-03-19T12:52:34","date_gmt":"2026-03-19T11:52:34","guid":{"rendered":"https:\/\/www.gruptlpbarcelona.org\/?post_type=product&#038;p=7506"},"modified":"2026-03-27T09:19:56","modified_gmt":"2026-03-27T08:19:56","slug":"cuando-el-sistema-colapsa-entender-y-regular-el-tlp-copia","status":"publish","type":"product","link":"https:\/\/www.gruptlpbarcelona.org\/es\/producte\/cuando-el-sistema-colapsa-entender-y-regular-el-tlp-copia\/","title":{"rendered":"Traumas infantiles y autolesiones no suicidas en la adolescencia: \u00bfexiste una posible asociaci\u00f3n?"},"content":{"rendered":"<section class=\"l-section wpb_row height_medium\"><div class=\"l-section-h i-cf\"><div class=\"g-cols vc_row via_grid cols_1 laptops-cols_inherit tablets-cols_inherit mobiles-cols_1 valign_top type_default stacking_default\"><div class=\"wpb_column vc_column_container\"><div class=\"vc_column-inner\"><div class=\"wpb_text_column\"><div class=\"wpb_wrapper\"><p>Las autolesiones no suicidas (ANS) son un fen\u00f3meno frecuente en la adolescencia y un importante reto cl\u00ednico. En los \u00faltimos a\u00f1os, la evidencia ha se\u00f1alado una posible relaci\u00f3n entre experiencias traum\u00e1ticas tempranas \u2014como abuso, negligencia o exposici\u00f3n a violencia\u2014 y la aparici\u00f3n de estas conductas. En esta presentaci\u00f3n revisaremos la evidencia actual sobre esta asociaci\u00f3n, analizando los posibles mecanismos psicol\u00f3gicos implicados y sus repercusiones para la evaluaci\u00f3n e intervenci\u00f3n cl\u00ednica. Una aproximaci\u00f3n actualizada y basada en la evidencia para comprender mejor las ANS en poblaci\u00f3n adolescente.<\/p>\n<\/div><\/div><\/div><\/div><\/div><\/div><\/section>\n","protected":false},"excerpt":{"rendered":"Las autolesiones no suicidas (ANS) son un fen\u00f3meno frecuente en la adolescencia y un importante reto cl\u00ednico. En los \u00faltimos a\u00f1os, la evidencia ha se\u00f1alado una posible relaci\u00f3n entre experiencias traum\u00e1ticas tempranas \u2014como abuso, negligencia o exposici\u00f3n a violencia\u2014 y la aparici\u00f3n de estas conductas. En esta presentaci\u00f3n revisaremos la evidencia actual sobre esta asociaci\u00f3n,...","protected":false},"featured_media":7510,"template":"","meta":{"_acf_changed":false},"product_brand":[],"product_cat":[239],"product_tag":[],"class_list":{"0":"post-7506","1":"product","2":"type-product","3":"status-publish","4":"has-post-thumbnail","6":"product_cat-sesiones-monograficas","8":"first","9":"instock","10":"sold-individually","11":"taxable","12":"shipping-taxable","13":"purchasable","14":"product-type-simple"},"acf":[],"_links":{"self":[{"href":"https:\/\/www.gruptlpbarcelona.org\/es\/wp-json\/wp\/v2\/product\/7506","targetHints":{"allow":["GET"]}}],"collection":[{"href":"https:\/\/www.gruptlpbarcelona.org\/es\/wp-json\/wp\/v2\/product"}],"about":[{"href":"https:\/\/www.gruptlpbarcelona.org\/es\/wp-json\/wp\/v2\/types\/product"}],"wp:featuredmedia":[{"embeddable":true,"href":"https:\/\/www.gruptlpbarcelona.org\/es\/wp-json\/wp\/v2\/media\/7510"}],"wp:attachment":[{"href":"https:\/\/www.gruptlpbarcelona.org\/es\/wp-json\/wp\/v2\/media?parent=7506"}],"wp:term":[{"taxonomy":"product_brand","embeddable":true,"href":"https:\/\/www.gruptlpbarcelona.org\/es\/wp-json\/wp\/v2\/product_brand?post=7506"},{"taxonomy":"product_cat","embeddable":true,"href":"https:\/\/www.gruptlpbarcelona.org\/es\/wp-json\/wp\/v2\/product_cat?post=7506"},{"taxonomy":"product_tag","embeddable":true,"href":"https:\/\/www.gruptlpbarcelona.org\/es\/wp-json\/wp\/v2\/product_tag?post=7506"}],"curies":[{"name":"wp","href":"https:\/\/api.w.org\/{rel}","templated":true}]}}