{"id":7521,"date":"2026-03-19T13:14:27","date_gmt":"2026-03-19T12:14:27","guid":{"rendered":"https:\/\/www.gruptlpbarcelona.org\/?post_type=product&#038;p=7521"},"modified":"2026-04-22T08:30:50","modified_gmt":"2026-04-22T06:30:50","slug":"adolescentes-en-crisis-areas-clave-y-herramientas-para-el-terapeuta-copia","status":"publish","type":"product","link":"https:\/\/www.gruptlpbarcelona.org\/es\/producte\/adolescentes-en-crisis-areas-clave-y-herramientas-para-el-terapeuta-copia\/","title":{"rendered":"Pack 4 sesiones monogr\u00e1ficas 2026"},"content":{"rendered":"<section class=\"l-section wpb_row height_medium\"><div class=\"l-section-h i-cf\"><div class=\"g-cols vc_row via_grid cols_1 laptops-cols_inherit tablets-cols_inherit mobiles-cols_1 valign_top type_default stacking_default\"><div class=\"wpb_column vc_column_container\"><div class=\"vc_column-inner\"><div class=\"wpb_text_column\"><div class=\"wpb_wrapper\"><p data-start=\"270\" data-end=\"582\">Pack de <strong data-start=\"292\" data-end=\"320\">4 sesiones monogr\u00e1ficas<\/strong>, dise\u00f1adas para profundizar en aspectos clave del diagn\u00f3stico y la intervenci\u00f3n en los trastornos de la personalidad. Una propuesta formativa dirigida a profesionales de la salud mental que buscan herramientas concretas, actualizadas y aplicables a la pr\u00e1ctica cl\u00ednica.<\/p>\n<p data-start=\"810\" data-end=\"897\"><strong data-start=\"810\" data-end=\"824\">18 de junio<\/strong><br data-start=\"824\" data-end=\"827\" \/><span>Cuando el sistema colapsa: entender y regular el TLP <\/span>\u2014 N\u00faria Ribas<\/p>\n<p data-start=\"899\" data-end=\"1037\"><strong data-start=\"899\" data-end=\"917\">17 de septiembre<\/strong><br data-start=\"917\" data-end=\"920\" \/><span>Traumas infantiles y autolesiones no suicidas en la adolescencia: \u00bfexiste una posible asociaci\u00f3n? <\/span>\u2014 Nat\u00e0lia Calvo<\/p>\n<p data-start=\"899\" data-end=\"1037\"><strong data-start=\"700\" data-end=\"714\">15 de octubre<\/strong><br data-start=\"714\" data-end=\"717\" \/><span>Com fer possible el tractament del TLP? Enquadrament i vincle terap\u00e8utic <\/span>\u2014 Joan Vegu\u00e9<\/p>\n<p data-start=\"1039\" data-end=\"1164\"><strong data-start=\"1039\" data-end=\"1057\">19 de noviembre<\/strong><br data-start=\"1057\" data-end=\"1060\" \/>Adolescentes en crisis: \u00c1reas clave y herramientas para el terapeuta \u2014 Teresa Ribalta i Alfons Icart<\/p>\n<\/div><\/div><\/div><\/div><\/div><\/div><\/section>\n","protected":false},"excerpt":{"rendered":"Pack de 4 sesiones monogr\u00e1ficas, dise\u00f1adas para profundizar en aspectos clave del diagn\u00f3stico y la intervenci\u00f3n en los trastornos de la personalidad. Una propuesta formativa dirigida a profesionales de la salud mental que buscan herramientas concretas, actualizadas y aplicables a la pr\u00e1ctica cl\u00ednica. 18 de junioCuando el sistema colapsa: entender y regular el TLP \u2014...","protected":false},"featured_media":7516,"template":"","meta":{"_acf_changed":false},"product_brand":[],"product_cat":[239],"product_tag":[],"class_list":{"0":"post-7521","1":"product","2":"type-product","3":"status-publish","4":"has-post-thumbnail","6":"product_cat-sesiones-monograficas","8":"first","9":"instock","10":"sold-individually","11":"purchasable","12":"product-type-simple"},"acf":[],"_links":{"self":[{"href":"https:\/\/www.gruptlpbarcelona.org\/es\/wp-json\/wp\/v2\/product\/7521","targetHints":{"allow":["GET"]}}],"collection":[{"href":"https:\/\/www.gruptlpbarcelona.org\/es\/wp-json\/wp\/v2\/product"}],"about":[{"href":"https:\/\/www.gruptlpbarcelona.org\/es\/wp-json\/wp\/v2\/types\/product"}],"wp:featuredmedia":[{"embeddable":true,"href":"https:\/\/www.gruptlpbarcelona.org\/es\/wp-json\/wp\/v2\/media\/7516"}],"wp:attachment":[{"href":"https:\/\/www.gruptlpbarcelona.org\/es\/wp-json\/wp\/v2\/media?parent=7521"}],"wp:term":[{"taxonomy":"product_brand","embeddable":true,"href":"https:\/\/www.gruptlpbarcelona.org\/es\/wp-json\/wp\/v2\/product_brand?post=7521"},{"taxonomy":"product_cat","embeddable":true,"href":"https:\/\/www.gruptlpbarcelona.org\/es\/wp-json\/wp\/v2\/product_cat?post=7521"},{"taxonomy":"product_tag","embeddable":true,"href":"https:\/\/www.gruptlpbarcelona.org\/es\/wp-json\/wp\/v2\/product_tag?post=7521"}],"curies":[{"name":"wp","href":"https:\/\/api.w.org\/{rel}","templated":true}]}}